{"id":11227,"date":"2024-02-27T08:39:53","date_gmt":"2024-02-27T08:39:53","guid":{"rendered":"https:\/\/doctor-farm.md\/?page_id=11227"},"modified":"2024-06-18T08:22:34","modified_gmt":"2024-06-18T08:22:34","slug":"fructe-de-maces-2","status":"publish","type":"page","link":"https:\/\/doctor-farm.md\/ru\/\u043c\u0430\u043a-\u0444\u0440\u0443\u0442-2\/","title":{"rendered":"\u041a\u043b\u0430\u0441\u0441\u0438\u0447\u0435\u0441\u043a\u0438\u0439 \u043a\u043e\u043d\u0432\u0435\u0440\u0442 \u0441 \u0438\u0437\u043e\u0431\u0440\u0430\u0436\u0435\u043d\u0438\u0435\u043c \u043f\u043b\u043e\u0434\u043e\u0432 \u043e\u0434\u0443\u0432\u0430\u043d\u0447\u0438\u043a\u0430"},"content":{"rendered":"\t\t<div data-elementor-type=\"wp-page\" data-elementor-id=\"11227\" class=\"elementor elementor-11227\">\n\t\t\t\t\t\t<section class=\"elementor-section elementor-top-section elementor-element elementor-element-11e80b20 elementor-section-boxed elementor-section-height-default elementor-section-height-default\" data-id=\"11e80b20\" data-element_type=\"section\">\r\n\t\t\t\t\t\t<div class=\"elementor-container elementor-column-gap-default jws_section_\" >\r\n\t\t\t\t<div class=\"elementor-column elementor-col-100 elementor-top-column elementor-element elementor-element-6ff94801\" data-id=\"6ff94801\" data-element_type=\"column\">\n\t\t\t<div class=\"elementor-widget-wrap\">\n\t\t\t\t\t\t\t<\/div>\n\t\t<\/div>\n\t\t\t\t      \r\n            \r\n              \r\n            \r\n            \t\r\n\t\t\t<\/div>\r\n\t\t<\/section>\r\n\t\t\t\t<section class=\"elementor-section elementor-top-section elementor-element elementor-element-a1a621e elementor-section-boxed elementor-section-height-default elementor-section-height-default\" data-id=\"a1a621e\" data-element_type=\"section\">\r\n\t\t\t\t\t\t<div class=\"elementor-container elementor-column-gap-default jws_section_\" >\r\n\t\t\t\t<div class=\"elementor-column elementor-col-100 elementor-top-column elementor-element elementor-element-bfbd90d\" data-id=\"bfbd90d\" data-element_type=\"column\">\n\t\t\t<div class=\"elementor-widget-wrap elementor-element-populated\">\n\t\t\t\t\t\t<div class=\"elementor-element elementor-element-7ecf51b elementor-widget-divider--view-line elementor-widget elementor-widget-divider\" data-id=\"7ecf51b\" data-element_type=\"widget\" data-widget_type=\"divider.default\">\n\t\t\t\t<div class=\"elementor-widget-container\">\n\t\t\t<style>\/*! elementor - v3.21.0 - 30-04-2024 *\/\n.elementor-widget-divider{--divider-border-style:none;--divider-border-width:1px;--divider-color:#0c0d0e;--divider-icon-size:20px;--divider-element-spacing:10px;--divider-pattern-height:24px;--divider-pattern-size:20px;--divider-pattern-url:none;--divider-pattern-repeat:repeat-x}.elementor-widget-divider .elementor-divider{display:flex}.elementor-widget-divider .elementor-divider__text{font-size:15px;line-height:1;max-width:95%}.elementor-widget-divider .elementor-divider__element{margin:0 var(--divider-element-spacing);flex-shrink:0}.elementor-widget-divider .elementor-icon{font-size:var(--divider-icon-size)}.elementor-widget-divider .elementor-divider-separator{display:flex;margin:0;direction:ltr}.elementor-widget-divider--view-line_icon .elementor-divider-separator,.elementor-widget-divider--view-line_text .elementor-divider-separator{align-items:center}.elementor-widget-divider--view-line_icon .elementor-divider-separator:after,.elementor-widget-divider--view-line_icon .elementor-divider-separator:before,.elementor-widget-divider--view-line_text .elementor-divider-separator:after,.elementor-widget-divider--view-line_text .elementor-divider-separator:before{display:block;content:\"\";border-block-end:0;flex-grow:1;border-block-start:var(--divider-border-width) var(--divider-border-style) var(--divider-color)}.elementor-widget-divider--element-align-left .elementor-divider .elementor-divider-separator>.elementor-divider__svg:first-of-type{flex-grow:0;flex-shrink:100}.elementor-widget-divider--element-align-left .elementor-divider-separator:before{content:none}.elementor-widget-divider--element-align-left .elementor-divider__element{margin-left:0}.elementor-widget-divider--element-align-right .elementor-divider .elementor-divider-separator>.elementor-divider__svg:last-of-type{flex-grow:0;flex-shrink:100}.elementor-widget-divider--element-align-right .elementor-divider-separator:after{content:none}.elementor-widget-divider--element-align-right .elementor-divider__element{margin-right:0}.elementor-widget-divider--element-align-start .elementor-divider .elementor-divider-separator>.elementor-divider__svg:first-of-type{flex-grow:0;flex-shrink:100}.elementor-widget-divider--element-align-start .elementor-divider-separator:before{content:none}.elementor-widget-divider--element-align-start .elementor-divider__element{margin-inline-start:0}.elementor-widget-divider--element-align-end .elementor-divider .elementor-divider-separator>.elementor-divider__svg:last-of-type{flex-grow:0;flex-shrink:100}.elementor-widget-divider--element-align-end .elementor-divider-separator:after{content:none}.elementor-widget-divider--element-align-end .elementor-divider__element{margin-inline-end:0}.elementor-widget-divider:not(.elementor-widget-divider--view-line_text):not(.elementor-widget-divider--view-line_icon) .elementor-divider-separator{border-block-start:var(--divider-border-width) var(--divider-border-style) var(--divider-color)}.elementor-widget-divider--separator-type-pattern{--divider-border-style:none}.elementor-widget-divider--separator-type-pattern.elementor-widget-divider--view-line .elementor-divider-separator,.elementor-widget-divider--separator-type-pattern:not(.elementor-widget-divider--view-line) .elementor-divider-separator:after,.elementor-widget-divider--separator-type-pattern:not(.elementor-widget-divider--view-line) .elementor-divider-separator:before,.elementor-widget-divider--separator-type-pattern:not([class*=elementor-widget-divider--view]) .elementor-divider-separator{width:100%;min-height:var(--divider-pattern-height);-webkit-mask-size:var(--divider-pattern-size) 100%;mask-size:var(--divider-pattern-size) 100%;-webkit-mask-repeat:var(--divider-pattern-repeat);mask-repeat:var(--divider-pattern-repeat);background-color:var(--divider-color);-webkit-mask-image:var(--divider-pattern-url);mask-image:var(--divider-pattern-url)}.elementor-widget-divider--no-spacing{--divider-pattern-size:auto}.elementor-widget-divider--bg-round{--divider-pattern-repeat:round}.rtl .elementor-widget-divider .elementor-divider__text{direction:rtl}.e-con-inner>.elementor-widget-divider,.e-con>.elementor-widget-divider{width:var(--container-widget-width,100%);--flex-grow:var(--container-widget-flex-grow)}<\/style>\t\t<div class=\"elementor-divider\">\n\t\t\t<span class=\"elementor-divider-separator\">\n\t\t\t\t\t\t<\/span>\n\t\t<\/div>\n\t\t\t\t<\/div>\n\t\t\t\t<\/div>\n\t\t\t\t\t<\/div>\n\t\t<\/div>\n\t\t\t\t      \r\n            \r\n              \r\n            \r\n            \t\r\n\t\t\t<\/div>\r\n\t\t<\/section>\r\n\t\t\t\t<section class=\"elementor-section elementor-top-section elementor-element elementor-element-e9f517c elementor-section-boxed elementor-section-height-default elementor-section-height-default\" data-id=\"e9f517c\" data-element_type=\"section\">\r\n\t\t\t\t\t\t<div class=\"elementor-container elementor-column-gap-default jws_section_\" >\r\n\t\t\t\t<div class=\"elementor-column elementor-col-100 elementor-top-column elementor-element elementor-element-6cdbb93\" data-id=\"6cdbb93\" data-element_type=\"column\">\n\t\t\t<div class=\"elementor-widget-wrap elementor-element-populated\">\n\t\t\t\t\t\t<div class=\"elementor-element elementor-element-6c56b9c elementor-widget elementor-widget-text-editor\" data-id=\"6c56b9c\" data-element_type=\"widget\" data-widget_type=\"text-editor.default\">\n\t\t\t\t<div class=\"elementor-widget-container\">\n\t\t\t<style>\/*! elementor - v3.21.0 - 30-04-2024 *\/\n.elementor-widget-text-editor.elementor-drop-cap-view-stacked .elementor-drop-cap{background-color:#69727d;color:#fff}.elementor-widget-text-editor.elementor-drop-cap-view-framed .elementor-drop-cap{color:#69727d;border:3px solid;background-color:transparent}.elementor-widget-text-editor:not(.elementor-drop-cap-view-default) .elementor-drop-cap{margin-top:8px}.elementor-widget-text-editor:not(.elementor-drop-cap-view-default) .elementor-drop-cap-letter{width:1em;height:1em}.elementor-widget-text-editor .elementor-drop-cap{float:left;text-align:center;line-height:1;font-size:50px}.elementor-widget-text-editor .elementor-drop-cap-letter{display:inline-block}<\/style>\t\t\t\t<h1 class=\"page-title\">Fructe de m\u0103ce\u0219<\/h1><div class=\"row page-content\"><div class=\"large-12 columns\"><div class=\"term-description\"><p>Ceai plic clasic<\/p><\/div><\/div><\/div>\t\t\t\t\t\t<\/div>\n\t\t\t\t<\/div>\n\t\t\t\t\t<\/div>\n\t\t<\/div>\n\t\t\t\t      \r\n            \r\n              \r\n            \r\n            \t\r\n\t\t\t<\/div>\r\n\t\t<\/section>\r\n\t\t\t\t<section class=\"elementor-section elementor-top-section elementor-element elementor-element-d404082 elementor-section-boxed elementor-section-height-default elementor-section-height-default\" data-id=\"d404082\" data-element_type=\"section\">\r\n\t\t\t\t\t\t<div class=\"elementor-container elementor-column-gap-default jws_section_\" >\r\n\t\t\t\t<div class=\"elementor-column elementor-col-100 elementor-top-column elementor-element elementor-element-bb91682\" data-id=\"bb91682\" data-element_type=\"column\">\n\t\t\t<div class=\"elementor-widget-wrap\">\n\t\t\t\t\t\t\t<\/div>\n\t\t<\/div>\n\t\t\t\t      \r\n            \r\n              \r\n            \r\n            \t\r\n\t\t\t<\/div>\r\n\t\t<\/section>\r\n\t\t\t\t<section class=\"elementor-section elementor-top-section elementor-element elementor-element-0a331aa elementor-section-boxed elementor-section-height-default elementor-section-height-default\" data-id=\"0a331aa\" data-element_type=\"section\">\r\n\t\t\t\t\t\t<div class=\"elementor-container elementor-column-gap-default jws_section_\" >\r\n\t\t\t\t<div class=\"elementor-column elementor-col-100 elementor-top-column elementor-element elementor-element-83aebe9\" data-id=\"83aebe9\" data-element_type=\"column\">\n\t\t\t<div class=\"elementor-widget-wrap\">\n\t\t\t\t\t\t\t<\/div>\n\t\t<\/div>\n\t\t\t\t      \r\n            \r\n              \r\n            \r\n            \t\r\n\t\t\t<\/div>\r\n\t\t<\/section>\r\n\t\t\t\t<section class=\"elementor-section elementor-top-section elementor-element elementor-element-71a39d3a elementor-section-content-middle elementor-section-boxed elementor-section-height-default elementor-section-height-default\" data-id=\"71a39d3a\" data-element_type=\"section\" data-settings=\"{&quot;background_background&quot;:&quot;classic&quot;}\">\r\n\t\t\t\t\t\t<div class=\"elementor-container elementor-column-gap-no jws_section_\" >\r\n\t\t\t\t<div class=\"elementor-column elementor-col-50 elementor-top-column elementor-element elementor-element-269ae6c7\" data-id=\"269ae6c7\" data-element_type=\"column\">\n\t\t\t<div class=\"elementor-widget-wrap elementor-element-populated\">\n\t\t\t\t\t\t<div class=\"elementor-element elementor-element-3d4c23cb elementor-widget elementor-widget-image\" data-id=\"3d4c23cb\" data-element_type=\"widget\" data-widget_type=\"image.default\">\n\t\t\t\t<div class=\"elementor-widget-container\">\n\t\t\t<style>\/*! elementor - v3.21.0 - 30-04-2024 *\/\n.elementor-widget-image{text-align:center}.elementor-widget-image a{display:inline-block}.elementor-widget-image a img[src$=\".svg\"]{width:48px}.elementor-widget-image img{vertical-align:middle;display:inline-block}<\/style>\t\t\t\t\t\t\t\t\t\t<img fetchpriority=\"high\" decoding=\"async\" width=\"6000\" height=\"4000\" src=\"https:\/\/doctor-farm.md\/wp-content\/uploads\/2024\/02\/maces.png\" class=\"attachment-full size-full wp-image-11229\" alt=\"\" srcset=\"https:\/\/doctor-farm.md\/wp-content\/uploads\/2024\/02\/maces.png 6000w, https:\/\/doctor-farm.md\/wp-content\/uploads\/2024\/02\/maces-320x213.png 320w, https:\/\/doctor-farm.md\/wp-content\/uploads\/2024\/02\/maces-1024x683.png 1024w, https:\/\/doctor-farm.md\/wp-content\/uploads\/2024\/02\/maces-768x512.png 768w, https:\/\/doctor-farm.md\/wp-content\/uploads\/2024\/02\/maces-1536x1024.png 1536w, https:\/\/doctor-farm.md\/wp-content\/uploads\/2024\/02\/maces-2048x1365.png 2048w, https:\/\/doctor-farm.md\/wp-content\/uploads\/2024\/02\/maces-18x12.png 18w, https:\/\/doctor-farm.md\/wp-content\/uploads\/2024\/02\/maces-1568x1045.png 1568w\" sizes=\"(max-width: 6000px) 100vw, 6000px\" \/>\t\t\t\t\t\t\t\t\t\t\t\t\t<\/div>\n\t\t\t\t<\/div>\n\t\t\t\t\t<\/div>\n\t\t<\/div>\n\t\t\t\t<div class=\"elementor-column elementor-col-50 elementor-top-column elementor-element elementor-element-40d81b9d\" data-id=\"40d81b9d\" data-element_type=\"column\">\n\t\t\t<div class=\"elementor-widget-wrap elementor-element-populated\">\n\t\t\t\t\t\t<div class=\"elementor-element elementor-element-2dc094a6 elementor-widget elementor-widget-heading\" data-id=\"2dc094a6\" data-element_type=\"widget\" data-widget_type=\"heading.default\">\n\t\t\t\t<div class=\"elementor-widget-container\">\n\t\t\t<style>\/*! elementor - v3.21.0 - 30-04-2024 *\/\n.elementor-heading-title{padding:0;margin:0;line-height:1}.elementor-widget-heading .elementor-heading-title[class*=elementor-size-]>a{color:inherit;font-size:inherit;line-height:inherit}.elementor-widget-heading .elementor-heading-title.elementor-size-small{font-size:15px}.elementor-widget-heading .elementor-heading-title.elementor-size-medium{font-size:19px}.elementor-widget-heading .elementor-heading-title.elementor-size-large{font-size:29px}.elementor-widget-heading .elementor-heading-title.elementor-size-xl{font-size:39px}.elementor-widget-heading .elementor-heading-title.elementor-size-xxl{font-size:59px}<\/style><h4 class=\"elementor-heading-title elementor-size-default\">Fructe de m\u0103ce\u0219<\/h4>\t\t<\/div>\n\t\t\t\t<\/div>\n\t\t\t\t<div class=\"elementor-element elementor-element-284d82fb elementor-widget elementor-widget-text-editor\" data-id=\"284d82fb\" data-element_type=\"widget\" data-widget_type=\"text-editor.default\">\n\t\t\t\t<div class=\"elementor-widget-container\">\n\t\t\t\t\t\t\t<p>Se utilizeaz\u0103 \u00een avitaminoze.\u00a0Posed\u0103 ac\u0163iune tonic\u0103, \u00a0antiinflamatoare, \u00a0u\u0219or diuretic\u0103.<\/p><p><strong>Compozi\u021bie:<\/strong> fructe de m\u0103ce\u0219<\/p><p><strong>Condi\u0163ii de p\u0103strare: <\/strong>A se p\u0103stra la loc curat, uscat, bine ventilat, la o umiditate relativ\u0103 a aerului de maxim 70%.<\/p>\t\t\t\t\t\t<\/div>\n\t\t\t\t<\/div>\n\t\t\t\t\t<\/div>\n\t\t<\/div>\n\t\t\t\t      \r\n            \r\n              \r\n            \r\n            \t\r\n\t\t\t<\/div>\r\n\t\t<\/section>\r\n\t\t\t\t<section class=\"elementor-section elementor-top-section elementor-element elementor-element-89f1207 elementor-section-boxed elementor-section-height-default elementor-section-height-default\" data-id=\"89f1207\" data-element_type=\"section\">\r\n\t\t\t\t\t\t<div class=\"elementor-container elementor-column-gap-default jws_section_\" >\r\n\t\t\t\t<div class=\"elementor-column elementor-col-100 elementor-top-column elementor-element elementor-element-34010b9\" data-id=\"34010b9\" data-element_type=\"column\">\n\t\t\t<div class=\"elementor-widget-wrap elementor-element-populated\">\n\t\t\t\t\t\t<div class=\"elementor-element elementor-element-751d503 elementor-align-center elementor-widget elementor-widget-button\" data-id=\"751d503\" data-element_type=\"widget\" data-widget_type=\"button.default\">\n\t\t\t\t<div class=\"elementor-widget-container\">\n\t\t\t\t\t<div class=\"elementor-button-wrapper\">\n\t\t\t<a class=\"elementor-button elementor-button-link elementor-size-sm\" href=\"https:\/\/doctor-farm.md\/uniplant\/uniplant-plic\/\">\n\t\t\t\t\t\t<span class=\"elementor-button-content-wrapper\">\n\t\t\t\t\t\t\t\t\t<span class=\"elementor-button-text\">Inapoi la categorie<\/span>\n\t\t\t\t\t<\/span>\n\t\t\t\t\t<\/a>\n\t\t<\/div>\n\t\t\t\t<\/div>\n\t\t\t\t<\/div>\n\t\t\t\t\t<\/div>\n\t\t<\/div>\n\t\t\t\t      \r\n            \r\n              \r\n            \r\n            \t\r\n\t\t\t<\/div>\r\n\t\t<\/section>\r\n\t\t\t\t<\/div>\n\t\t","protected":false},"excerpt":{"rendered":"<p>\u0427\u0430\u0439\u043d\u044b\u0439 \u043f\u0430\u043a\u0435\u0442\u0438\u043a \u041a\u043b\u0430\u0441\u0441\u0438\u0447\u0435\u0441\u043a\u0438\u0439 \u0447\u0430\u0439\u043d\u044b\u0439 \u043f\u0430\u043a\u0435\u0442\u0438\u043a \u0427\u0430\u0439\u043d\u044b\u0439 \u043f\u0430\u043a\u0435\u0442\u0438\u043a \u041a\u043b\u0430\u0441\u0441\u0438\u0447\u0435\u0441\u043a\u0438\u0439 \u0447\u0430\u0439\u043d\u044b\u0439 \u043f\u0430\u043a\u0435\u0442\u0438\u043a \u0427\u0430\u0439\u043d\u044b\u0439 \u043f\u0430\u043a\u0435\u0442\u0438\u043a \u0427\u0430\u0439\u043d\u044b\u0439 \u043f\u0430\u043a\u0435\u0442\u0438\u043a \u0427\u0430\u0439\u043d\u044b\u0439 \u043f\u0430\u043a\u0435\u0442\u0438\u043a \u0427\u0430\u0439\u043d\u044b\u0439 \u043f\u0430\u043a\u0435\u0442\u0438\u043a \u0427\u0430\u0439\u043d\u044b\u0439 \u043f\u0430\u043a\u0435\u0442\u0438\u043a \u0427\u0430\u0439\u043d\u044b\u0439 \u043f\u0430\u043a\u0435\u0442\u0438\u043a \u0427\u0430\u0439\u043d\u044b\u0439 \u043f\u0430\u043a\u0435\u0442\u0438\u043a \u0427\u0430\u0439\u043d\u044b\u0439 \u043f\u0430\u043a\u0435\u0442\u0438\u043a \u0427\u0430\u0439\u043d\u044b\u0439 \u043f\u0430\u043a\u0435\u0442\u0438\u043a \u0427\u0430\u0439\u043d\u044b\u0439 \u043f\u0430\u043a\u0435\u0442\u0438\u043a \u0427\u0430\u0439\u043d\u044b\u0439 \u043f\u0430\u043a\u0435\u0442\u0438\u043a \u0427\u0430\u0439\u043d\u044b\u0439 \u043f\u0430\u043a\u0435\u0442\u0438\u043a \u0427\u0430\u0439\u043d\u044b\u0439 \u043f\u0430\u043a\u0435\u0442\u0438\u043a \u0427\u0430\u0439\u043d\u044b\u0439 \u043f\u0430\u043a\u0435\u0442\u0438\u043a \u0427\u0430\u0439\u043d\u044b\u0439 \u043f\u0430\u043a\u0435\u0442\u0438\u043a \u0427\u0430\u0439\u043d\u044b\u0439 \u043f\u0430\u043a\u0435\u0442\u0438\u043a \u0427\u0430\u0439\u043d\u044b\u0439 \u043f\u0430\u043a\u0435\u0442\u0438\u043a \u0427\u0430\u0439\u043d\u044b\u0439 \u043f\u0430\u043a\u0435\u0442\u0438\u043a \u0427\u0430\u0439\u043d\u044b\u0439 \u043f\u0430\u043a\u0435\u0442\u0438\u043a \u0427\u0430\u0439\u043d\u044b\u0439 \u043f\u0430\u043a\u0435\u0442\u0438\u043a \u0427\u0430\u0439\u043d\u044b\u0439 \u043f\u0430\u043a\u0435\u0442\u0438\u043a \u0427\u0430\u0439\u043d\u044b\u0439 \u043f\u0430\u043a\u0435\u0442\u0438\u043a. \u0422\u043e\u043d\u0438\u0437\u0438\u0440\u0443\u044e\u0449\u0435\u0435, \u043f\u0440\u043e\u0442\u0438\u0432\u043e\u0432\u043e\u0441\u043f\u0430\u043b\u0438\u0442\u0435\u043b\u044c\u043d\u043e\u0435, \u0441\u043b\u0435\u0433\u043a\u0430 \u043c\u043e\u0447\u0435\u0433\u043e\u043d\u043d\u043e\u0435 \u0441\u0440\u0435\u0434\u0441\u0442\u0432\u043e. \u0421\u043e\u0441\u0442\u0430\u0432: \u043f\u043b\u043e\u0434\u044b \u0448\u0438\u043f\u043e\u0432\u043d\u0438\u043a\u0430 \u0423\u0441\u043b\u043e\u0432\u0438\u044f \u0445\u0440\u0430\u043d\u0435\u043d\u0438\u044f: \u0425\u0440\u0430\u043d\u0438\u0442\u044c \u0432 \u0447\u0438\u0441\u0442\u043e\u043c, \u0441\u0443\u0445\u043e\u043c, \u0445\u043e\u0440\u043e\u0448\u043e \u043f\u0440\u043e\u0432\u0435\u0442\u0440\u0438\u0432\u0430\u0435\u043c\u043e\u043c \u043c\u0435\u0441\u0442\u0435, \u043f\u0440\u0438 \u043e\u0442\u043d\u043e\u0441\u0438\u0442\u0435\u043b\u044c\u043d\u043e\u0439 \u0432\u043b\u0430\u0436\u043d\u043e\u0441\u0442\u0438 \u0432\u043e\u0437\u0434\u0443\u0445\u0430 \u043d\u0435 \u0431\u043e\u043b\u0435\u0435 70%. \u041d\u0430\u0437\u0430\u0434 \u043a \u043a\u0430\u0442\u0435\u0433\u043e\u0440\u0438\u0438<\/p>","protected":false},"author":1,"featured_media":0,"parent":0,"menu_order":0,"comment_status":"closed","ping_status":"closed","template":"","meta":{"footnotes":""},"_links":{"self":[{"href":"https:\/\/doctor-farm.md\/ru\/wp-json\/wp\/v2\/pages\/11227"}],"collection":[{"href":"https:\/\/doctor-farm.md\/ru\/wp-json\/wp\/v2\/pages"}],"about":[{"href":"https:\/\/doctor-farm.md\/ru\/wp-json\/wp\/v2\/types\/page"}],"author":[{"embeddable":true,"href":"https:\/\/doctor-farm.md\/ru\/wp-json\/wp\/v2\/users\/1"}],"replies":[{"embeddable":true,"href":"https:\/\/doctor-farm.md\/ru\/wp-json\/wp\/v2\/comments?post=11227"}],"version-history":[{"count":14,"href":"https:\/\/doctor-farm.md\/ru\/wp-json\/wp\/v2\/pages\/11227\/revisions"}],"predecessor-version":[{"id":12613,"href":"https:\/\/doctor-farm.md\/ru\/wp-json\/wp\/v2\/pages\/11227\/revisions\/12613"}],"wp:attachment":[{"href":"https:\/\/doctor-farm.md\/ru\/wp-json\/wp\/v2\/media?parent=11227"}],"curies":[{"name":"wp","href":"https:\/\/api.w.org\/{rel}","templated":true}]}}