{"id":11111,"date":"2024-02-26T08:04:43","date_gmt":"2024-02-26T08:04:43","guid":{"rendered":"https:\/\/doctor-farm.md\/?page_id=11111"},"modified":"2026-01-12T11:53:59","modified_gmt":"2026-01-12T11:53:59","slug":"lumina-diminetii-2","status":"publish","type":"page","link":"https:\/\/doctor-farm.md\/ru\/\u0443\u0442\u0440\u0435\u043d\u043d\u0438\u0439-\u0441\u0432\u0435\u0442-2\/","title":{"rendered":"\u0423\u0442\u0440\u0435\u043d\u043d\u0438\u0439 \u0441\u0432\u0435\u0442"},"content":{"rendered":"\t\t<div data-elementor-type=\"wp-page\" data-elementor-id=\"11111\" class=\"elementor elementor-11111\">\n\t\t\t\t\t\t<section class=\"elementor-section elementor-top-section elementor-element elementor-element-11e80b20 elementor-section-boxed elementor-section-height-default elementor-section-height-default\" data-id=\"11e80b20\" data-element_type=\"section\">\r\n\t\t\t\t\t\t<div class=\"elementor-container elementor-column-gap-default jws_section_\" >\r\n\t\t\t\t<div class=\"elementor-column elementor-col-100 elementor-top-column elementor-element elementor-element-6ff94801\" data-id=\"6ff94801\" data-element_type=\"column\">\n\t\t\t<div class=\"elementor-widget-wrap\">\n\t\t\t\t\t\t\t<\/div>\n\t\t<\/div>\n\t\t\t\t      \r\n            \r\n              \r\n            \r\n            \t\r\n\t\t\t<\/div>\r\n\t\t<\/section>\r\n\t\t\t\t<section class=\"elementor-section elementor-top-section elementor-element elementor-element-a1a621e elementor-section-boxed elementor-section-height-default elementor-section-height-default\" data-id=\"a1a621e\" data-element_type=\"section\">\r\n\t\t\t\t\t\t<div class=\"elementor-container elementor-column-gap-default jws_section_\" >\r\n\t\t\t\t<div class=\"elementor-column elementor-col-100 elementor-top-column elementor-element elementor-element-bfbd90d\" data-id=\"bfbd90d\" data-element_type=\"column\">\n\t\t\t<div class=\"elementor-widget-wrap elementor-element-populated\">\n\t\t\t\t\t\t<div class=\"elementor-element elementor-element-7ecf51b elementor-widget-divider--view-line elementor-widget elementor-widget-divider\" data-id=\"7ecf51b\" data-element_type=\"widget\" data-widget_type=\"divider.default\">\n\t\t\t\t<div class=\"elementor-widget-container\">\n\t\t\t<style>\/*! elementor - v3.21.0 - 30-04-2024 *\/\n.elementor-widget-divider{--divider-border-style:none;--divider-border-width:1px;--divider-color:#0c0d0e;--divider-icon-size:20px;--divider-element-spacing:10px;--divider-pattern-height:24px;--divider-pattern-size:20px;--divider-pattern-url:none;--divider-pattern-repeat:repeat-x}.elementor-widget-divider .elementor-divider{display:flex}.elementor-widget-divider .elementor-divider__text{font-size:15px;line-height:1;max-width:95%}.elementor-widget-divider .elementor-divider__element{margin:0 var(--divider-element-spacing);flex-shrink:0}.elementor-widget-divider .elementor-icon{font-size:var(--divider-icon-size)}.elementor-widget-divider .elementor-divider-separator{display:flex;margin:0;direction:ltr}.elementor-widget-divider--view-line_icon .elementor-divider-separator,.elementor-widget-divider--view-line_text .elementor-divider-separator{align-items:center}.elementor-widget-divider--view-line_icon .elementor-divider-separator:after,.elementor-widget-divider--view-line_icon .elementor-divider-separator:before,.elementor-widget-divider--view-line_text .elementor-divider-separator:after,.elementor-widget-divider--view-line_text .elementor-divider-separator:before{display:block;content:\"\";border-block-end:0;flex-grow:1;border-block-start:var(--divider-border-width) var(--divider-border-style) var(--divider-color)}.elementor-widget-divider--element-align-left .elementor-divider .elementor-divider-separator>.elementor-divider__svg:first-of-type{flex-grow:0;flex-shrink:100}.elementor-widget-divider--element-align-left .elementor-divider-separator:before{content:none}.elementor-widget-divider--element-align-left .elementor-divider__element{margin-left:0}.elementor-widget-divider--element-align-right .elementor-divider .elementor-divider-separator>.elementor-divider__svg:last-of-type{flex-grow:0;flex-shrink:100}.elementor-widget-divider--element-align-right .elementor-divider-separator:after{content:none}.elementor-widget-divider--element-align-right .elementor-divider__element{margin-right:0}.elementor-widget-divider--element-align-start .elementor-divider .elementor-divider-separator>.elementor-divider__svg:first-of-type{flex-grow:0;flex-shrink:100}.elementor-widget-divider--element-align-start .elementor-divider-separator:before{content:none}.elementor-widget-divider--element-align-start .elementor-divider__element{margin-inline-start:0}.elementor-widget-divider--element-align-end .elementor-divider .elementor-divider-separator>.elementor-divider__svg:last-of-type{flex-grow:0;flex-shrink:100}.elementor-widget-divider--element-align-end .elementor-divider-separator:after{content:none}.elementor-widget-divider--element-align-end .elementor-divider__element{margin-inline-end:0}.elementor-widget-divider:not(.elementor-widget-divider--view-line_text):not(.elementor-widget-divider--view-line_icon) .elementor-divider-separator{border-block-start:var(--divider-border-width) var(--divider-border-style) var(--divider-color)}.elementor-widget-divider--separator-type-pattern{--divider-border-style:none}.elementor-widget-divider--separator-type-pattern.elementor-widget-divider--view-line .elementor-divider-separator,.elementor-widget-divider--separator-type-pattern:not(.elementor-widget-divider--view-line) .elementor-divider-separator:after,.elementor-widget-divider--separator-type-pattern:not(.elementor-widget-divider--view-line) .elementor-divider-separator:before,.elementor-widget-divider--separator-type-pattern:not([class*=elementor-widget-divider--view]) .elementor-divider-separator{width:100%;min-height:var(--divider-pattern-height);-webkit-mask-size:var(--divider-pattern-size) 100%;mask-size:var(--divider-pattern-size) 100%;-webkit-mask-repeat:var(--divider-pattern-repeat);mask-repeat:var(--divider-pattern-repeat);background-color:var(--divider-color);-webkit-mask-image:var(--divider-pattern-url);mask-image:var(--divider-pattern-url)}.elementor-widget-divider--no-spacing{--divider-pattern-size:auto}.elementor-widget-divider--bg-round{--divider-pattern-repeat:round}.rtl .elementor-widget-divider .elementor-divider__text{direction:rtl}.e-con-inner>.elementor-widget-divider,.e-con>.elementor-widget-divider{width:var(--container-widget-width,100%);--flex-grow:var(--container-widget-flex-grow)}<\/style>\t\t<div class=\"elementor-divider\">\n\t\t\t<span class=\"elementor-divider-separator\">\n\t\t\t\t\t\t<\/span>\n\t\t<\/div>\n\t\t\t\t<\/div>\n\t\t\t\t<\/div>\n\t\t\t\t\t<\/div>\n\t\t<\/div>\n\t\t\t\t      \r\n            \r\n              \r\n            \r\n            \t\r\n\t\t\t<\/div>\r\n\t\t<\/section>\r\n\t\t\t\t<section class=\"elementor-section elementor-top-section elementor-element elementor-element-e9f517c elementor-section-boxed elementor-section-height-default elementor-section-height-default\" data-id=\"e9f517c\" data-element_type=\"section\">\r\n\t\t\t\t\t\t<div class=\"elementor-container elementor-column-gap-default jws_section_\" >\r\n\t\t\t\t<div class=\"elementor-column elementor-col-100 elementor-top-column elementor-element elementor-element-6cdbb93\" data-id=\"6cdbb93\" data-element_type=\"column\">\n\t\t\t<div class=\"elementor-widget-wrap elementor-element-populated\">\n\t\t\t\t\t\t<div class=\"elementor-element elementor-element-6c56b9c elementor-widget elementor-widget-text-editor\" data-id=\"6c56b9c\" data-element_type=\"widget\" data-widget_type=\"text-editor.default\">\n\t\t\t\t<div class=\"elementor-widget-container\">\n\t\t\t<style>\/*! elementor - v3.21.0 - 30-04-2024 *\/\n.elementor-widget-text-editor.elementor-drop-cap-view-stacked .elementor-drop-cap{background-color:#69727d;color:#fff}.elementor-widget-text-editor.elementor-drop-cap-view-framed .elementor-drop-cap{color:#69727d;border:3px solid;background-color:transparent}.elementor-widget-text-editor:not(.elementor-drop-cap-view-default) .elementor-drop-cap{margin-top:8px}.elementor-widget-text-editor:not(.elementor-drop-cap-view-default) .elementor-drop-cap-letter{width:1em;height:1em}.elementor-widget-text-editor .elementor-drop-cap{float:left;text-align:center;line-height:1;font-size:50px}.elementor-widget-text-editor .elementor-drop-cap-letter{display:inline-block}<\/style>\t\t\t\t<h1 class=\"page-title\">Lumina dimine\u021bii<\/h1><div class=\"row page-content\"><div class=\"large-12 columns\"><div class=\"term-description\"><p>Ceai plic clasic<\/p><\/div><\/div><\/div>\t\t\t\t\t\t<\/div>\n\t\t\t\t<\/div>\n\t\t\t\t\t<\/div>\n\t\t<\/div>\n\t\t\t\t      \r\n            \r\n              \r\n            \r\n            \t\r\n\t\t\t<\/div>\r\n\t\t<\/section>\r\n\t\t\t\t<section class=\"elementor-section elementor-top-section elementor-element elementor-element-d404082 elementor-section-boxed elementor-section-height-default elementor-section-height-default\" data-id=\"d404082\" data-element_type=\"section\">\r\n\t\t\t\t\t\t<div class=\"elementor-container elementor-column-gap-default jws_section_\" >\r\n\t\t\t\t<div class=\"elementor-column elementor-col-100 elementor-top-column elementor-element elementor-element-bb91682\" data-id=\"bb91682\" data-element_type=\"column\">\n\t\t\t<div class=\"elementor-widget-wrap\">\n\t\t\t\t\t\t\t<\/div>\n\t\t<\/div>\n\t\t\t\t      \r\n            \r\n              \r\n            \r\n            \t\r\n\t\t\t<\/div>\r\n\t\t<\/section>\r\n\t\t\t\t<section class=\"elementor-section elementor-top-section elementor-element elementor-element-0a331aa elementor-section-boxed elementor-section-height-default elementor-section-height-default\" data-id=\"0a331aa\" data-element_type=\"section\">\r\n\t\t\t\t\t\t<div class=\"elementor-container elementor-column-gap-default jws_section_\" >\r\n\t\t\t\t<div class=\"elementor-column elementor-col-100 elementor-top-column elementor-element elementor-element-83aebe9\" data-id=\"83aebe9\" data-element_type=\"column\">\n\t\t\t<div class=\"elementor-widget-wrap\">\n\t\t\t\t\t\t\t<\/div>\n\t\t<\/div>\n\t\t\t\t      \r\n            \r\n              \r\n            \r\n            \t\r\n\t\t\t<\/div>\r\n\t\t<\/section>\r\n\t\t\t\t<section class=\"elementor-section elementor-top-section elementor-element elementor-element-71a39d3a elementor-section-content-middle elementor-section-boxed elementor-section-height-default elementor-section-height-default\" data-id=\"71a39d3a\" data-element_type=\"section\" data-settings=\"{&quot;background_background&quot;:&quot;classic&quot;}\">\r\n\t\t\t\t\t\t<div class=\"elementor-container elementor-column-gap-no jws_section_\" >\r\n\t\t\t\t<div class=\"elementor-column elementor-col-50 elementor-top-column elementor-element elementor-element-269ae6c7\" data-id=\"269ae6c7\" data-element_type=\"column\">\n\t\t\t<div class=\"elementor-widget-wrap elementor-element-populated\">\n\t\t\t\t\t\t<div class=\"elementor-element elementor-element-3d4c23cb elementor-widget elementor-widget-image\" data-id=\"3d4c23cb\" data-element_type=\"widget\" data-widget_type=\"image.default\">\n\t\t\t\t<div class=\"elementor-widget-container\">\n\t\t\t<style>\/*! elementor - v3.21.0 - 30-04-2024 *\/\n.elementor-widget-image{text-align:center}.elementor-widget-image a{display:inline-block}.elementor-widget-image a img[src$=\".svg\"]{width:48px}.elementor-widget-image img{vertical-align:middle;display:inline-block}<\/style>\t\t\t\t\t\t\t\t\t\t<img fetchpriority=\"high\" decoding=\"async\" width=\"2560\" height=\"2560\" src=\"https:\/\/doctor-farm.md\/wp-content\/uploads\/2026\/01\/IMG_0473-copy-scaled.jpg\" class=\"attachment-full size-full wp-image-12877\" alt=\"\" srcset=\"https:\/\/doctor-farm.md\/wp-content\/uploads\/2026\/01\/IMG_0473-copy-scaled.jpg 2560w, https:\/\/doctor-farm.md\/wp-content\/uploads\/2026\/01\/IMG_0473-copy-320x320.jpg 320w, https:\/\/doctor-farm.md\/wp-content\/uploads\/2026\/01\/IMG_0473-copy-1024x1024.jpg 1024w, https:\/\/doctor-farm.md\/wp-content\/uploads\/2026\/01\/IMG_0473-copy-150x150.jpg 150w, https:\/\/doctor-farm.md\/wp-content\/uploads\/2026\/01\/IMG_0473-copy-768x768.jpg 768w, https:\/\/doctor-farm.md\/wp-content\/uploads\/2026\/01\/IMG_0473-copy-1536x1536.jpg 1536w, https:\/\/doctor-farm.md\/wp-content\/uploads\/2026\/01\/IMG_0473-copy-2048x2048.jpg 2048w, https:\/\/doctor-farm.md\/wp-content\/uploads\/2026\/01\/IMG_0473-copy-12x12.jpg 12w, https:\/\/doctor-farm.md\/wp-content\/uploads\/2026\/01\/IMG_0473-copy-1568x1568.jpg 1568w, https:\/\/doctor-farm.md\/wp-content\/uploads\/2026\/01\/IMG_0473-copy-115x115.jpg 115w, https:\/\/doctor-farm.md\/wp-content\/uploads\/2026\/01\/IMG_0473-copy-480x480.jpg 480w\" sizes=\"(max-width: 2560px) 100vw, 2560px\" \/>\t\t\t\t\t\t\t\t\t\t\t\t\t<\/div>\n\t\t\t\t<\/div>\n\t\t\t\t\t<\/div>\n\t\t<\/div>\n\t\t\t\t<div class=\"elementor-column elementor-col-50 elementor-top-column elementor-element elementor-element-40d81b9d\" data-id=\"40d81b9d\" data-element_type=\"column\">\n\t\t\t<div class=\"elementor-widget-wrap elementor-element-populated\">\n\t\t\t\t\t\t<div class=\"elementor-element elementor-element-2dc094a6 elementor-widget elementor-widget-heading\" data-id=\"2dc094a6\" data-element_type=\"widget\" data-widget_type=\"heading.default\">\n\t\t\t\t<div class=\"elementor-widget-container\">\n\t\t\t<style>\/*! elementor - v3.21.0 - 30-04-2024 *\/\n.elementor-heading-title{padding:0;margin:0;line-height:1}.elementor-widget-heading .elementor-heading-title[class*=elementor-size-]>a{color:inherit;font-size:inherit;line-height:inherit}.elementor-widget-heading .elementor-heading-title.elementor-size-small{font-size:15px}.elementor-widget-heading .elementor-heading-title.elementor-size-medium{font-size:19px}.elementor-widget-heading .elementor-heading-title.elementor-size-large{font-size:29px}.elementor-widget-heading .elementor-heading-title.elementor-size-xl{font-size:39px}.elementor-widget-heading .elementor-heading-title.elementor-size-xxl{font-size:59px}<\/style><h4 class=\"elementor-heading-title elementor-size-default\">Lumina dimine\u021bii<\/h4>\t\t<\/div>\n\t\t\t\t<\/div>\n\t\t\t\t<div class=\"elementor-element elementor-element-284d82fb elementor-widget elementor-widget-text-editor\" data-id=\"284d82fb\" data-element_type=\"widget\" data-widget_type=\"text-editor.default\">\n\t\t\t\t<div class=\"elementor-widget-container\">\n\t\t\t\t\t\t\t<p>Un amestec de plante care ne aduce gustul fin al dimine\u0163ii.<\/p><p>O raz\u0103 de lumin\u0103, o pic\u0103tur\u0103 de rou\u0103 \u015fi o bun\u0103 dispozi\u0163ie pentru toat\u0103 ziua.<\/p><p><strong>Compozi\u021bie: <\/strong>ment\u0103, fructe de m\u0103ce\u0219, fructe de gutui, ceai negru, flori de salc\u00e2m, flori de g\u0103lbenele.<\/p><p><strong>Condi\u021bii de p\u0103strare:<\/strong> A se p\u0103stra la loc curat, uscat, bine ventilat, la o umiditate relativ\u0103 a aerului de maxim 70%.<\/p>\t\t\t\t\t\t<\/div>\n\t\t\t\t<\/div>\n\t\t\t\t\t<\/div>\n\t\t<\/div>\n\t\t\t\t      \r\n            \r\n              \r\n            \r\n            \t\r\n\t\t\t<\/div>\r\n\t\t<\/section>\r\n\t\t\t\t<section class=\"elementor-section elementor-top-section elementor-element elementor-element-89f1207 elementor-section-boxed elementor-section-height-default elementor-section-height-default\" data-id=\"89f1207\" data-element_type=\"section\">\r\n\t\t\t\t\t\t<div class=\"elementor-container elementor-column-gap-default jws_section_\" >\r\n\t\t\t\t<div class=\"elementor-column elementor-col-100 elementor-top-column elementor-element elementor-element-34010b9\" data-id=\"34010b9\" data-element_type=\"column\">\n\t\t\t<div class=\"elementor-widget-wrap elementor-element-populated\">\n\t\t\t\t\t\t<div class=\"elementor-element elementor-element-751d503 elementor-align-center elementor-widget elementor-widget-button\" data-id=\"751d503\" data-element_type=\"widget\" data-widget_type=\"button.default\">\n\t\t\t\t<div class=\"elementor-widget-container\">\n\t\t\t\t\t<div class=\"elementor-button-wrapper\">\n\t\t\t<a class=\"elementor-button elementor-button-link elementor-size-sm\" href=\"https:\/\/doctor-farm.md\/zilnic\/zi-de-zi-plic\/\">\n\t\t\t\t\t\t<span class=\"elementor-button-content-wrapper\">\n\t\t\t\t\t\t\t\t\t<span class=\"elementor-button-text\">Inapoi la categorie<\/span>\n\t\t\t\t\t<\/span>\n\t\t\t\t\t<\/a>\n\t\t<\/div>\n\t\t\t\t<\/div>\n\t\t\t\t<\/div>\n\t\t\t\t\t<\/div>\n\t\t<\/div>\n\t\t\t\t      \r\n            \r\n              \r\n            \r\n            \t\r\n\t\t\t<\/div>\r\n\t\t<\/section>\r\n\t\t\t\t<\/div>\n\t\t","protected":false},"excerpt":{"rendered":"<p>Lumina dimine\u021bii Ceai plic clasic Lumina dimine\u021bii Un amestec de plante care ne aduce gustul fin al dimine\u0163ii. O raz\u0103 de lumin\u0103, o pic\u0103tur\u0103 de rou\u0103 \u015fi o bun\u0103 dispozi\u0163ie pentru toat\u0103 ziua. Compozi\u021bie: ment\u0103, fructe de m\u0103ce\u0219, fructe de gutui, ceai negru, flori de salc\u00e2m, flori de g\u0103lbenele. Condi\u021bii de p\u0103strare: A se p\u0103stra [&hellip;]<\/p>\n","protected":false},"author":1,"featured_media":0,"parent":0,"menu_order":0,"comment_status":"closed","ping_status":"closed","template":"","meta":{"footnotes":""},"_links":{"self":[{"href":"https:\/\/doctor-farm.md\/ru\/wp-json\/wp\/v2\/pages\/11111"}],"collection":[{"href":"https:\/\/doctor-farm.md\/ru\/wp-json\/wp\/v2\/pages"}],"about":[{"href":"https:\/\/doctor-farm.md\/ru\/wp-json\/wp\/v2\/types\/page"}],"author":[{"embeddable":true,"href":"https:\/\/doctor-farm.md\/ru\/wp-json\/wp\/v2\/users\/1"}],"replies":[{"embeddable":true,"href":"https:\/\/doctor-farm.md\/ru\/wp-json\/wp\/v2\/comments?post=11111"}],"version-history":[{"count":22,"href":"https:\/\/doctor-farm.md\/ru\/wp-json\/wp\/v2\/pages\/11111\/revisions"}],"predecessor-version":[{"id":12880,"href":"https:\/\/doctor-farm.md\/ru\/wp-json\/wp\/v2\/pages\/11111\/revisions\/12880"}],"wp:attachment":[{"href":"https:\/\/doctor-farm.md\/ru\/wp-json\/wp\/v2\/media?parent=11111"}],"curies":[{"name":"wp","href":"https:\/\/api.w.org\/{rel}","templated":true}]}}