{"id":9945,"date":"2023-10-17T06:14:26","date_gmt":"2023-10-17T06:14:26","guid":{"rendered":"https:\/\/doctor-farm.md\/?page_id=9945"},"modified":"2025-08-21T07:26:45","modified_gmt":"2025-08-21T07:26:45","slug":"zilnic","status":"publish","type":"page","link":"https:\/\/doctor-farm.md\/en\/daily\/","title":{"rendered":"day by day"},"content":{"rendered":"\t\t<div data-elementor-type=\"wp-page\" data-elementor-id=\"9945\" class=\"elementor elementor-9945\">\n\t\t\t\t\t\t<section class=\"elementor-section elementor-top-section elementor-element elementor-element-11e80b20 elementor-section-boxed elementor-section-height-default elementor-section-height-default\" data-id=\"11e80b20\" data-element_type=\"section\">\r\n\t\t\t\t\t\t<div class=\"elementor-container elementor-column-gap-default jws_section_\" >\r\n\t\t\t\t<div class=\"elementor-column elementor-col-100 elementor-top-column elementor-element elementor-element-6ff94801\" data-id=\"6ff94801\" data-element_type=\"column\">\n\t\t\t<div class=\"elementor-widget-wrap\">\n\t\t\t\t\t\t\t<\/div>\n\t\t<\/div>\n\t\t\t\t      \r\n            \r\n              \r\n            \r\n            \t\r\n\t\t\t<\/div>\r\n\t\t<\/section>\r\n\t\t\t\t<section class=\"elementor-section elementor-top-section elementor-element elementor-element-a1a621e elementor-section-boxed elementor-section-height-default elementor-section-height-default\" data-id=\"a1a621e\" data-element_type=\"section\">\r\n\t\t\t\t\t\t<div class=\"elementor-container elementor-column-gap-default jws_section_\" >\r\n\t\t\t\t<div class=\"elementor-column elementor-col-100 elementor-top-column elementor-element elementor-element-bfbd90d\" data-id=\"bfbd90d\" data-element_type=\"column\">\n\t\t\t<div class=\"elementor-widget-wrap elementor-element-populated\">\n\t\t\t\t\t\t<div class=\"elementor-element elementor-element-7ecf51b elementor-widget-divider--view-line elementor-widget elementor-widget-divider\" data-id=\"7ecf51b\" data-element_type=\"widget\" data-widget_type=\"divider.default\">\n\t\t\t\t<div class=\"elementor-widget-container\">\n\t\t\t<style>\/*! elementor - v3.21.0 - 30-04-2024 *\/\n.elementor-widget-divider{--divider-border-style:none;--divider-border-width:1px;--divider-color:#0c0d0e;--divider-icon-size:20px;--divider-element-spacing:10px;--divider-pattern-height:24px;--divider-pattern-size:20px;--divider-pattern-url:none;--divider-pattern-repeat:repeat-x}.elementor-widget-divider .elementor-divider{display:flex}.elementor-widget-divider .elementor-divider__text{font-size:15px;line-height:1;max-width:95%}.elementor-widget-divider .elementor-divider__element{margin:0 var(--divider-element-spacing);flex-shrink:0}.elementor-widget-divider .elementor-icon{font-size:var(--divider-icon-size)}.elementor-widget-divider .elementor-divider-separator{display:flex;margin:0;direction:ltr}.elementor-widget-divider--view-line_icon .elementor-divider-separator,.elementor-widget-divider--view-line_text .elementor-divider-separator{align-items:center}.elementor-widget-divider--view-line_icon .elementor-divider-separator:after,.elementor-widget-divider--view-line_icon .elementor-divider-separator:before,.elementor-widget-divider--view-line_text .elementor-divider-separator:after,.elementor-widget-divider--view-line_text .elementor-divider-separator:before{display:block;content:\"\";border-block-end:0;flex-grow:1;border-block-start:var(--divider-border-width) var(--divider-border-style) var(--divider-color)}.elementor-widget-divider--element-align-left .elementor-divider .elementor-divider-separator>.elementor-divider__svg:first-of-type{flex-grow:0;flex-shrink:100}.elementor-widget-divider--element-align-left .elementor-divider-separator:before{content:none}.elementor-widget-divider--element-align-left .elementor-divider__element{margin-left:0}.elementor-widget-divider--element-align-right .elementor-divider .elementor-divider-separator>.elementor-divider__svg:last-of-type{flex-grow:0;flex-shrink:100}.elementor-widget-divider--element-align-right .elementor-divider-separator:after{content:none}.elementor-widget-divider--element-align-right .elementor-divider__element{margin-right:0}.elementor-widget-divider--element-align-start .elementor-divider .elementor-divider-separator>.elementor-divider__svg:first-of-type{flex-grow:0;flex-shrink:100}.elementor-widget-divider--element-align-start .elementor-divider-separator:before{content:none}.elementor-widget-divider--element-align-start .elementor-divider__element{margin-inline-start:0}.elementor-widget-divider--element-align-end .elementor-divider .elementor-divider-separator>.elementor-divider__svg:last-of-type{flex-grow:0;flex-shrink:100}.elementor-widget-divider--element-align-end .elementor-divider-separator:after{content:none}.elementor-widget-divider--element-align-end .elementor-divider__element{margin-inline-end:0}.elementor-widget-divider:not(.elementor-widget-divider--view-line_text):not(.elementor-widget-divider--view-line_icon) .elementor-divider-separator{border-block-start:var(--divider-border-width) var(--divider-border-style) var(--divider-color)}.elementor-widget-divider--separator-type-pattern{--divider-border-style:none}.elementor-widget-divider--separator-type-pattern.elementor-widget-divider--view-line .elementor-divider-separator,.elementor-widget-divider--separator-type-pattern:not(.elementor-widget-divider--view-line) .elementor-divider-separator:after,.elementor-widget-divider--separator-type-pattern:not(.elementor-widget-divider--view-line) .elementor-divider-separator:before,.elementor-widget-divider--separator-type-pattern:not([class*=elementor-widget-divider--view]) .elementor-divider-separator{width:100%;min-height:var(--divider-pattern-height);-webkit-mask-size:var(--divider-pattern-size) 100%;mask-size:var(--divider-pattern-size) 100%;-webkit-mask-repeat:var(--divider-pattern-repeat);mask-repeat:var(--divider-pattern-repeat);background-color:var(--divider-color);-webkit-mask-image:var(--divider-pattern-url);mask-image:var(--divider-pattern-url)}.elementor-widget-divider--no-spacing{--divider-pattern-size:auto}.elementor-widget-divider--bg-round{--divider-pattern-repeat:round}.rtl .elementor-widget-divider .elementor-divider__text{direction:rtl}.e-con-inner>.elementor-widget-divider,.e-con>.elementor-widget-divider{width:var(--container-widget-width,100%);--flex-grow:var(--container-widget-flex-grow)}<\/style>\t\t<div class=\"elementor-divider\">\n\t\t\t<span class=\"elementor-divider-separator\">\n\t\t\t\t\t\t<\/span>\n\t\t<\/div>\n\t\t\t\t<\/div>\n\t\t\t\t<\/div>\n\t\t\t\t<div class=\"elementor-element elementor-element-9f35204 jws-content-align-at-bottom elementor-invisible elementor-widget elementor-widget-jws_banner\" data-id=\"9f35204\" data-element_type=\"widget\" data-settings=\"{&quot;_animation&quot;:&quot;fadeInRight&quot;}\" data-widget_type=\"jws_banner.default\">\n\t\t\t\t<div class=\"elementor-widget-container\">\n\t\t\t         <div class=\"jws-banner-element\">\r\n                                       <nav class=\"jws-banner-nav middle_nav_prev\">\r\n                    <span class=\"prev-item jws-carousel-btn\"><span class=\"jws-icon-expand_right\"><\/span><\/span>\r\n              <\/nav>\r\n                        <div class=\"jws-banner banner row layout3 slider content_inner jws-slider\" data-slick='{\"slidesToShow\":3 ,\"slidesToScroll\": 1, \"autoplay\": true,\"arrows\": true, \"dots\":false, \"autoplaySpeed\": 5000,\"pauseOnHover\":true,\"infinite\":true,\r\n                \"speed\": 500, \"responsive\":[{\"breakpoint\": 1024,\"settings\":{\"slidesToShow\": 2,\"slidesToScroll\": 1}},\r\n                {\"breakpoint\": 768,\"settings\":{\"slidesToShow\": 1,\"slidesToScroll\": 1}}]}' data-banner=\"jws-custom-9f35204\">\r\n                                        <div class=\"jws-banner-item col-xl-4 col-lg-4 col-12 slider-item slick-slide\">\r\n                        <div class=\"jws-banner-inner\">\r\n    <a href=\"https:\/\/doctor-farm.md\/zilnic\/zi-de-zi-infuzii\/\">\r\n        <div style=\"background-image: url(https:\/\/doctor-farm.md\/wp-content\/uploads\/2023\/10\/finetea-categorie.png);\" class=\"banner-image\"><\/div>\r\n        <div class=\"jws-banner-content\">\r\n        <div class=\"bg_content\"><\/div>\r\n            <div class=\"inner\">\r\n                <span  class=\"text-1\">\r\n                ZI de zi - Infuzii            <\/span >\r\n            <span  class=\"text-2\"><\/span >\r\n                        <\/div>\r\n        <\/div>\r\n    <\/a>\r\n<\/div>                   \r\n                    <\/div>\r\n                                        <div class=\"jws-banner-item col-xl-4 col-lg-4 col-12 slider-item slick-slide\">\r\n                        <div class=\"jws-banner-inner\">\r\n    <a href=\"https:\/\/doctor-farm.md\/zilnic\/zi-de-zi-plic\/\">\r\n        <div style=\"background-image: url(https:\/\/doctor-farm.md\/wp-content\/uploads\/2023\/10\/Finetea-Naturii-min.png);\" class=\"banner-image\"><\/div>\r\n        <div class=\"jws-banner-content\">\r\n        <div class=\"bg_content\"><\/div>\r\n            <div class=\"inner\">\r\n                <span  class=\"text-1\">\r\n                ZI de zi - clasic            <\/span >\r\n            <span  class=\"text-2\">La plic<\/span >\r\n                        <\/div>\r\n        <\/div>\r\n    <\/a>\r\n<\/div>                   \r\n                    <\/div>\r\n                                        <div class=\"jws-banner-item col-xl-4 col-lg-4 col-12 slider-item slick-slide\">\r\n                        <div class=\"jws-banner-inner\">\r\n    <a href=\"https:\/\/doctor-farm.md\/zilnic\/zi-de-zi-plic\/\">\r\n        <div style=\"background-image: url();\" class=\"banner-image\"><\/div>\r\n        <div class=\"jws-banner-content\">\r\n        <div class=\"bg_content\"><\/div>\r\n            <div class=\"inner\">\r\n                <span  class=\"text-1\">\r\n                ZI de zi - clasic            <\/span >\r\n            <span  class=\"text-2\">La plic<\/span >\r\n                        <\/div>\r\n        <\/div>\r\n    <\/a>\r\n<\/div>                   \r\n                    <\/div>\r\n                                        <div class=\"jws-banner-item col-xl-4 col-lg-4 col-12 slider-item slick-slide\">\r\n                        <div class=\"jws-banner-inner\">\r\n    <a href=\"https:\/\/doctor-farm.md\/zilnic\/zi-de-zi-premium\/\">\r\n        <div style=\"background-image: url(https:\/\/doctor-farm.md\/wp-content\/uploads\/2023\/09\/finetea-500x408-1.png);\" class=\"banner-image\"><\/div>\r\n        <div class=\"jws-banner-content\">\r\n        <div class=\"bg_content\"><\/div>\r\n            <div class=\"inner\">\r\n                <span  class=\"text-1\">\r\n                ZI de zi - premium            <\/span >\r\n            <span  class=\"text-2\"><\/span >\r\n                        <\/div>\r\n        <\/div>\r\n    <\/a>\r\n<\/div>                   \r\n                    <\/div>\r\n                            <\/div>\r\n                             <nav class=\"jws-banner-nav middle_nav_next\">\r\n                <span class=\"next-item jws-carousel-btn\"><span class=\"jws-icon-expand_right\"><\/span><\/span>\r\n              <\/nav>\r\n                     <\/div>   \r\n        \t\t<\/div>\n\t\t\t\t<\/div>\n\t\t\t\t\t<\/div>\n\t\t<\/div>\n\t\t\t\t      \r\n            \r\n              \r\n            \r\n            \t\r\n\t\t\t<\/div>\r\n\t\t<\/section>\r\n\t\t\t\t<section class=\"elementor-section elementor-top-section elementor-element elementor-element-29fd3cd elementor-section-boxed elementor-section-height-default elementor-section-height-default\" data-id=\"29fd3cd\" data-element_type=\"section\">\r\n\t\t\t\t\t\t<div class=\"elementor-container elementor-column-gap-default jws_section_\" >\r\n\t\t\t\t<div class=\"elementor-column elementor-col-100 elementor-top-column elementor-element elementor-element-7faa617\" data-id=\"7faa617\" data-element_type=\"column\">\n\t\t\t<div class=\"elementor-widget-wrap elementor-element-populated\">\n\t\t\t\t\t\t<div class=\"elementor-element elementor-element-3b040b3 elementor-widget elementor-widget-text-editor\" data-id=\"3b040b3\" data-element_type=\"widget\" data-widget_type=\"text-editor.default\">\n\t\t\t\t<div class=\"elementor-widget-container\">\n\t\t\t<style>\/*! elementor - v3.21.0 - 30-04-2024 *\/\n.elementor-widget-text-editor.elementor-drop-cap-view-stacked .elementor-drop-cap{background-color:#69727d;color:#fff}.elementor-widget-text-editor.elementor-drop-cap-view-framed .elementor-drop-cap{color:#69727d;border:3px solid;background-color:transparent}.elementor-widget-text-editor:not(.elementor-drop-cap-view-default) .elementor-drop-cap{margin-top:8px}.elementor-widget-text-editor:not(.elementor-drop-cap-view-default) .elementor-drop-cap-letter{width:1em;height:1em}.elementor-widget-text-editor .elementor-drop-cap{float:left;text-align:center;line-height:1;font-size:50px}.elementor-widget-text-editor .elementor-drop-cap-letter{display:inline-block}<\/style>\t\t\t\t<h1 class=\"page-title\">Zi de zi<\/h1><div class=\"row page-content\"><div class=\"large-12 columns\"><div class=\"term-description\"><p>Fiecare cea\u015fc\u0103 de ceai i\u0163i ofer\u0103 o c\u0103l\u0103torie imaginar\u0103.<\/p><p>Fie c\u0103 ne dorim s\u0103 fim mai energici sau s\u0103 ne bucur\u0103m sufletul, tuturor ne place s\u0103 savur\u0103m o cea\u015fc\u0103 de ceai. \u201cDoctor-farm\u201d v\u0103 ofer\u0103 tot ce are natura mai bun. Ceaiurile noastre se potrivesc oricui, la orice or\u0103 din zi. Aceast\u0103 gam\u0103 include amestecuri din plante, flori \u015fi fructe de p\u0103dure bogate \u00een minerale, vitamine \u015fi uleiuri volatile.<br \/><em>Zi de zi \u2013 o alegere perfect\u0103<\/em><\/p><\/div><\/div><\/div>\t\t\t\t\t\t<\/div>\n\t\t\t\t<\/div>\n\t\t\t\t\t<\/div>\n\t\t<\/div>\n\t\t\t\t      \r\n            \r\n              \r\n            \r\n            \t\r\n\t\t\t<\/div>\r\n\t\t<\/section>\r\n\t\t\t\t<section class=\"elementor-section elementor-top-section elementor-element elementor-element-0a331aa elementor-section-boxed elementor-section-height-default elementor-section-height-default\" data-id=\"0a331aa\" data-element_type=\"section\">\r\n\t\t\t\t\t\t<div class=\"elementor-container elementor-column-gap-default jws_section_\" >\r\n\t\t\t\t<div class=\"elementor-column elementor-col-100 elementor-top-column elementor-element elementor-element-83aebe9\" data-id=\"83aebe9\" data-element_type=\"column\">\n\t\t\t<div class=\"elementor-widget-wrap elementor-element-populated\">\n\t\t\t\t\t\t<div class=\"elementor-element elementor-element-a649941 elementor-widget elementor-widget-heading\" data-id=\"a649941\" data-element_type=\"widget\" data-widget_type=\"heading.default\">\n\t\t\t\t<div class=\"elementor-widget-container\">\n\t\t\t<style>\/*! elementor - v3.21.0 - 30-04-2024 *\/\n.elementor-heading-title{padding:0;margin:0;line-height:1}.elementor-widget-heading .elementor-heading-title[class*=elementor-size-]>a{color:inherit;font-size:inherit;line-height:inherit}.elementor-widget-heading .elementor-heading-title.elementor-size-small{font-size:15px}.elementor-widget-heading .elementor-heading-title.elementor-size-medium{font-size:19px}.elementor-widget-heading .elementor-heading-title.elementor-size-large{font-size:29px}.elementor-widget-heading .elementor-heading-title.elementor-size-xl{font-size:39px}.elementor-widget-heading .elementor-heading-title.elementor-size-xxl{font-size:59px}<\/style><h2 class=\"elementor-heading-title elementor-size-default\">Urmareste-ne si pe pagini de socializare<\/h2>\t\t<\/div>\n\t\t\t\t<\/div>\n\t\t\t\t\t<\/div>\n\t\t<\/div>\n\t\t\t\t      \r\n            \r\n              \r\n            \r\n            \t\r\n\t\t\t<\/div>\r\n\t\t<\/section>\r\n\t\t\t\t<section class=\"elementor-section elementor-top-section elementor-element elementor-element-38ba030 elementor-section-boxed elementor-section-height-default elementor-section-height-default\" data-id=\"38ba030\" data-element_type=\"section\">\r\n\t\t\t\t\t\t<div class=\"elementor-container elementor-column-gap-default jws_section_\" >\r\n\t\t\t\t<div class=\"elementor-column elementor-col-100 elementor-top-column elementor-element elementor-element-284503c\" data-id=\"284503c\" data-element_type=\"column\">\n\t\t\t<div class=\"elementor-widget-wrap\">\n\t\t\t\t\t\t\t<\/div>\n\t\t<\/div>\n\t\t\t\t      \r\n            \r\n              \r\n            \r\n            \t\r\n\t\t\t<\/div>\r\n\t\t<\/section>\r\n\t\t\t\t<section class=\"elementor-section elementor-top-section elementor-element elementor-element-ee15c53 elementor-section-boxed elementor-section-height-default elementor-section-height-default\" data-id=\"ee15c53\" data-element_type=\"section\">\r\n\t\t\t\t\t\t<div class=\"elementor-container elementor-column-gap-default jws_section_\" >\r\n\t\t\t\t<div class=\"elementor-column elementor-col-100 elementor-top-column elementor-element elementor-element-82bdbc5\" data-id=\"82bdbc5\" data-element_type=\"column\">\n\t\t\t<div class=\"elementor-widget-wrap elementor-element-populated\">\n\t\t\t\t\t\t<div class=\"elementor-element elementor-element-b4be17a elementor-widget elementor-widget-image\" data-id=\"b4be17a\" data-element_type=\"widget\" data-widget_type=\"image.default\">\n\t\t\t\t<div class=\"elementor-widget-container\">\n\t\t\t<style>\/*! elementor - v3.21.0 - 30-04-2024 *\/\n.elementor-widget-image{text-align:center}.elementor-widget-image a{display:inline-block}.elementor-widget-image a img[src$=\".svg\"]{width:48px}.elementor-widget-image img{vertical-align:middle;display:inline-block}<\/style>\t\t\t\t\t\t\t\t\t\t<img fetchpriority=\"high\" decoding=\"async\" width=\"640\" height=\"428\" src=\"https:\/\/doctor-farm.md\/wp-content\/uploads\/2025\/08\/IMG_3487-copy-1024x685.jpg\" class=\"attachment-large size-large wp-image-12825\" alt=\"\" srcset=\"https:\/\/doctor-farm.md\/wp-content\/uploads\/2025\/08\/IMG_3487-copy-1024x685.jpg 1024w, https:\/\/doctor-farm.md\/wp-content\/uploads\/2025\/08\/IMG_3487-copy-320x214.jpg 320w, https:\/\/doctor-farm.md\/wp-content\/uploads\/2025\/08\/IMG_3487-copy-768x514.jpg 768w, https:\/\/doctor-farm.md\/wp-content\/uploads\/2025\/08\/IMG_3487-copy-1536x1027.jpg 1536w, https:\/\/doctor-farm.md\/wp-content\/uploads\/2025\/08\/IMG_3487-copy-2048x1370.jpg 2048w, https:\/\/doctor-farm.md\/wp-content\/uploads\/2025\/08\/IMG_3487-copy-18x12.jpg 18w, https:\/\/doctor-farm.md\/wp-content\/uploads\/2025\/08\/IMG_3487-copy-1568x1049.jpg 1568w\" sizes=\"(max-width: 640px) 100vw, 640px\" \/>\t\t\t\t\t\t\t\t\t\t\t\t\t<\/div>\n\t\t\t\t<\/div>\n\t\t\t\t\t<\/div>\n\t\t<\/div>\n\t\t\t\t      \r\n            \r\n              \r\n            \r\n            \t\r\n\t\t\t<\/div>\r\n\t\t<\/section>\r\n\t\t\t\t<\/div>\n\t\t","protected":false},"excerpt":{"rendered":"<p>ZI de zi &#8211; Infuzii ZI de zi &#8211; clasic La plic ZI de zi &#8211; clasic La plic ZI de zi &#8211; premium Zi de zi Fiecare cea\u015fc\u0103 de ceai i\u0163i ofer\u0103 o c\u0103l\u0103torie imaginar\u0103. Fie c\u0103 ne dorim s\u0103 fim mai energici sau s\u0103 ne bucur\u0103m sufletul, tuturor ne place s\u0103 savur\u0103m o [&hellip;]<\/p>\n","protected":false},"author":1,"featured_media":0,"parent":0,"menu_order":0,"comment_status":"closed","ping_status":"closed","template":"","meta":{"footnotes":""},"_links":{"self":[{"href":"https:\/\/doctor-farm.md\/en\/wp-json\/wp\/v2\/pages\/9945"}],"collection":[{"href":"https:\/\/doctor-farm.md\/en\/wp-json\/wp\/v2\/pages"}],"about":[{"href":"https:\/\/doctor-farm.md\/en\/wp-json\/wp\/v2\/types\/page"}],"author":[{"embeddable":true,"href":"https:\/\/doctor-farm.md\/en\/wp-json\/wp\/v2\/users\/1"}],"replies":[{"embeddable":true,"href":"https:\/\/doctor-farm.md\/en\/wp-json\/wp\/v2\/comments?post=9945"}],"version-history":[{"count":24,"href":"https:\/\/doctor-farm.md\/en\/wp-json\/wp\/v2\/pages\/9945\/revisions"}],"predecessor-version":[{"id":12831,"href":"https:\/\/doctor-farm.md\/en\/wp-json\/wp\/v2\/pages\/9945\/revisions\/12831"}],"wp:attachment":[{"href":"https:\/\/doctor-farm.md\/en\/wp-json\/wp\/v2\/media?parent=9945"}],"curies":[{"name":"wp","href":"https:\/\/api.w.org\/{rel}","templated":true}]}}