{"id":3899,"date":"2022-05-16T03:52:25","date_gmt":"2022-05-16T03:52:25","guid":{"rendered":"https:\/\/doctor-farm.md\/?page_id=3899"},"modified":"2023-11-29T10:23:30","modified_gmt":"2023-11-29T10:23:30","slug":"contact","status":"publish","type":"page","link":"https:\/\/doctor-farm.md\/en\/contact\/","title":{"rendered":"Contacts"},"content":{"rendered":"\t\t<div data-elementor-type=\"wp-page\" data-elementor-id=\"3899\" class=\"elementor elementor-3899\">\n\t\t\t\t\t\t<section class=\"elementor-section elementor-top-section elementor-element elementor-element-5f18130 elementor-section-height-min-height elementor-section-boxed elementor-section-height-default elementor-section-items-middle\" data-id=\"5f18130\" data-element_type=\"section\" data-settings=\"{&quot;background_background&quot;:&quot;classic&quot;,&quot;background_motion_fx_motion_fx_scrolling&quot;:&quot;yes&quot;,&quot;background_motion_fx_translateY_effect&quot;:&quot;yes&quot;,&quot;background_motion_fx_translateY_direction&quot;:&quot;negative&quot;,&quot;background_motion_fx_translateY_speed&quot;:{&quot;unit&quot;:&quot;px&quot;,&quot;size&quot;:2,&quot;sizes&quot;:[]},&quot;background_motion_fx_translateY_affectedRange&quot;:{&quot;unit&quot;:&quot;%&quot;,&quot;size&quot;:&quot;&quot;,&quot;sizes&quot;:{&quot;start&quot;:0,&quot;end&quot;:100}},&quot;background_motion_fx_devices&quot;:[&quot;desktop&quot;,&quot;laptop&quot;,&quot;tablet&quot;,&quot;mobile&quot;]}\">\r\n\t\t\t\t\t\t\t<div class=\"elementor-background-overlay\"><\/div>\r\n\t\t\t\t\t\t<div class=\"elementor-container elementor-column-gap-default jws_section_\" >\r\n\t\t\t\t<div class=\"elementor-column elementor-col-100 elementor-top-column elementor-element elementor-element-8b36734\" data-id=\"8b36734\" data-element_type=\"column\" data-settings=\"{&quot;motion_fx_motion_fx_scrolling&quot;:&quot;yes&quot;,&quot;motion_fx_translateY_effect&quot;:&quot;yes&quot;,&quot;motion_fx_translateY_speed&quot;:{&quot;unit&quot;:&quot;px&quot;,&quot;size&quot;:4,&quot;sizes&quot;:[]},&quot;motion_fx_translateY_affectedRange&quot;:{&quot;unit&quot;:&quot;%&quot;,&quot;size&quot;:&quot;&quot;,&quot;sizes&quot;:{&quot;start&quot;:0,&quot;end&quot;:100}},&quot;motion_fx_devices&quot;:[&quot;desktop&quot;,&quot;laptop&quot;,&quot;tablet&quot;,&quot;mobile&quot;]}\">\n\t\t\t<div class=\"elementor-widget-wrap elementor-element-populated\">\n\t\t\t\t\t\t<div class=\"elementor-element elementor-element-738a654 elementor-widget__width-auto elementor-widget elementor-widget-text-editor\" data-id=\"738a654\" data-element_type=\"widget\" data-widget_type=\"text-editor.default\">\n\t\t\t\t<div class=\"elementor-widget-container\">\n\t\t\t<style>\/*! elementor - v3.21.0 - 30-04-2024 *\/\n.elementor-widget-text-editor.elementor-drop-cap-view-stacked .elementor-drop-cap{background-color:#69727d;color:#fff}.elementor-widget-text-editor.elementor-drop-cap-view-framed .elementor-drop-cap{color:#69727d;border:3px solid;background-color:transparent}.elementor-widget-text-editor:not(.elementor-drop-cap-view-default) .elementor-drop-cap{margin-top:8px}.elementor-widget-text-editor:not(.elementor-drop-cap-view-default) .elementor-drop-cap-letter{width:1em;height:1em}.elementor-widget-text-editor .elementor-drop-cap{float:left;text-align:center;line-height:1;font-size:50px}.elementor-widget-text-editor .elementor-drop-cap-letter{display:inline-block}<\/style>\t\t\t\t<p>*<\/p>\t\t\t\t\t\t<\/div>\n\t\t\t\t<\/div>\n\t\t\t\t<div class=\"elementor-element elementor-element-98be02c elementor-widget__width-auto elementor-widget elementor-widget-text-editor\" data-id=\"98be02c\" data-element_type=\"widget\" data-widget_type=\"text-editor.default\">\n\t\t\t\t<div class=\"elementor-widget-container\">\n\t\t\t\t\t\t\t<p>Scrie-ne<\/p>\t\t\t\t\t\t<\/div>\n\t\t\t\t<\/div>\n\t\t\t\t<div class=\"elementor-element elementor-element-69ead90 elementor-widget__width-auto elementor-widget elementor-widget-text-editor\" data-id=\"69ead90\" data-element_type=\"widget\" data-widget_type=\"text-editor.default\">\n\t\t\t\t<div class=\"elementor-widget-container\">\n\t\t\t\t\t\t\t<p>*<\/p>\t\t\t\t\t\t<\/div>\n\t\t\t\t<\/div>\n\t\t\t\t<div class=\"elementor-element elementor-element-b63bc68 elementor-widget elementor-widget-spacer\" data-id=\"b63bc68\" data-element_type=\"widget\" data-widget_type=\"spacer.default\">\n\t\t\t\t<div class=\"elementor-widget-container\">\n\t\t\t<style>\/*! elementor - v3.21.0 - 30-04-2024 *\/\n.elementor-column .elementor-spacer-inner{height:var(--spacer-size)}.e-con{--container-widget-width:100%}.e-con-inner>.elementor-widget-spacer,.e-con>.elementor-widget-spacer{width:var(--container-widget-width,var(--spacer-size));--align-self:var(--container-widget-align-self,initial);--flex-shrink:0}.e-con-inner>.elementor-widget-spacer>.elementor-widget-container,.e-con>.elementor-widget-spacer>.elementor-widget-container{height:100%;width:100%}.e-con-inner>.elementor-widget-spacer>.elementor-widget-container>.elementor-spacer,.e-con>.elementor-widget-spacer>.elementor-widget-container>.elementor-spacer{height:100%}.e-con-inner>.elementor-widget-spacer>.elementor-widget-container>.elementor-spacer>.elementor-spacer-inner,.e-con>.elementor-widget-spacer>.elementor-widget-container>.elementor-spacer>.elementor-spacer-inner{height:var(--container-widget-height,var(--spacer-size))}.e-con-inner>.elementor-widget-spacer.elementor-widget-empty,.e-con>.elementor-widget-spacer.elementor-widget-empty{position:relative;min-height:22px;min-width:22px}.e-con-inner>.elementor-widget-spacer.elementor-widget-empty .elementor-widget-empty-icon,.e-con>.elementor-widget-spacer.elementor-widget-empty .elementor-widget-empty-icon{position:absolute;top:0;bottom:0;left:0;right:0;margin:auto;padding:0;width:22px;height:22px}<\/style>\t\t<div class=\"elementor-spacer\">\n\t\t\t<div class=\"elementor-spacer-inner\"><\/div>\n\t\t<\/div>\n\t\t\t\t<\/div>\n\t\t\t\t<\/div>\n\t\t\t\t<div class=\"elementor-element elementor-element-3c6af5c elementor-widget__width-initial elementor-position-top elementor-view-default elementor-vertical-align-top elementor-invisible elementor-widget elementor-widget-jws_info_box\" data-id=\"3c6af5c\" data-element_type=\"widget\" data-settings=\"{&quot;_animation&quot;:&quot;fadeInUp&quot;,&quot;align&quot;:&quot;center&quot;,&quot;position&quot;:&quot;top&quot;}\" data-widget_type=\"jws_info_box.default\">\n\t\t\t\t<div class=\"elementor-widget-container\">\n\t\t\t            <div class=\"jws-info-box layout1\">\n                <div class=\"jws-info-box-inner\">\n                    \r\n    <div class=\"box-icon\">\r\n          \r\n    <\/div>\r\n    <div class=\"jws-box-content\">\r\n        <div class=\"box-sub\">\r\n            <\/div>\r\n    <h1 class=\"box-title\">\r\n        Conecteaza-te cu noi.    <\/h1>\r\n    <div class=\"box-content\">\r\n        <p>Putem fi contacta\u021bi prin e-mail la doctorfarm.md@gmail.com sau nu ezita\u021bi s\u0103 completa\u021bi pur \u0219i simplu formularul de mai jos. Facem tot posibilul s\u0103 r\u0103spundem \u00een 24 de ore lucr\u0103toare.<\/p>    <\/div>\r\n        <\/div>\r\n                <\/div>\n            <\/div>\n        \t\t<\/div>\n\t\t\t\t<\/div>\n\t\t\t\t\t<\/div>\n\t\t<\/div>\n\t\t\t\t      \r\n            \r\n              \r\n            \r\n            \t\r\n\t\t\t<\/div>\r\n\t\t<\/section>\r\n\t\t\t\t<section class=\"elementor-section elementor-top-section elementor-element elementor-element-68eb4bd elementor-section-boxed elementor-section-height-default elementor-section-height-default\" data-id=\"68eb4bd\" data-element_type=\"section\">\r\n\t\t\t\t\t\t<div class=\"elementor-container elementor-column-gap-default jws_section_\" >\r\n\t\t\t\t<div class=\"elementor-column elementor-col-100 elementor-top-column elementor-element elementor-element-007b01d\" data-id=\"007b01d\" data-element_type=\"column\">\n\t\t\t<div class=\"elementor-widget-wrap elementor-element-populated\">\n\t\t\t\t\t\t<section class=\"elementor-section elementor-inner-section elementor-element elementor-element-4e325e5 elementor-section-boxed elementor-section-height-default elementor-section-height-default\" data-id=\"4e325e5\" data-element_type=\"section\" data-settings=\"{&quot;background_background&quot;:&quot;classic&quot;}\">\r\n\t\t\t\t\t\t<div class=\"elementor-container elementor-column-gap-no jws_section_\" >\r\n\t\t\t\t<div class=\"elementor-column elementor-col-50 elementor-inner-column elementor-element elementor-element-cd263e9\" data-id=\"cd263e9\" data-element_type=\"column\">\n\t\t\t<div class=\"elementor-widget-wrap elementor-element-populated\">\n\t\t\t\t\t\t<div class=\"elementor-element elementor-element-a264bb5 elementor-position-top elementor-view-default elementor-vertical-align-top elementor-invisible elementor-widget elementor-widget-jws_info_box\" data-id=\"a264bb5\" data-element_type=\"widget\" data-settings=\"{&quot;_animation&quot;:&quot;fadeInLeft&quot;,&quot;align&quot;:&quot;left&quot;,&quot;position&quot;:&quot;top&quot;}\" data-widget_type=\"jws_info_box.default\">\n\t\t\t\t<div class=\"elementor-widget-container\">\n\t\t\t            <div class=\"jws-info-box layout1\">\n                <div class=\"jws-info-box-inner\">\n                    \r\n    <div class=\"box-icon\">\r\n          \r\n    <\/div>\r\n    <div class=\"jws-box-content\">\r\n        <div class=\"box-sub\">\r\n            <\/div>\r\n    <h2 class=\"box-title\">\r\n        Contacteaza-ne    <\/h2>\r\n    <div class=\"box-content\">\r\n            <\/div>\r\n        <\/div>\r\n                <\/div>\n            <\/div>\n        \t\t<\/div>\n\t\t\t\t<\/div>\n\t\t\t\t<div class=\"elementor-element elementor-element-2ad499c elementor-widget__width-initial elementor-icon-list--layout-traditional elementor-widget elementor-widget-menu_list\" data-id=\"2ad499c\" data-element_type=\"widget\" data-widget_type=\"menu_list.default\">\n\t\t\t\t<div class=\"elementor-widget-container\">\n\t\t\t        <div class=\"jws-menu-list \">\r\n                            <h3>Ne gasiti pe:<\/h3>\r\n                \t\t<ul class=\"elementor-icon-list-items  line_sm\">\r\n    \t\t\t    \t\t\t\t<li class=\"elementor-icon-list-item\">\r\n    \t\t\t\t\t<a href=\"http:\/\/Nicolae%20Testemi\u021banu%2021\/3,%20Chi\u015fin\u0103u%202025\">                             \t\t\t\t\t\t\r\n    \t\t\t\t\t<span class=\"elementor-icon-list-text\">\r\n                        Nicolae Testemi\u021banu 21\/3, Chi\u015fin\u0103u 2025                        <\/span>\r\n    \t\t\t\t\t    \t\t\t\t\t\t<\/a>\r\n    \t\t\t\t\t    \t\t\t\t<\/li>\r\n    \t\t\t\t    \t\t<\/ul>\r\n        <\/div>\r\n\t\t\t\t<\/div>\n\t\t\t\t<\/div>\n\t\t\t\t<div class=\"elementor-element elementor-element-6be809e elementor-icon-list--layout-traditional elementor-widget elementor-widget-menu_list\" data-id=\"6be809e\" data-element_type=\"widget\" data-widget_type=\"menu_list.default\">\n\t\t\t\t<div class=\"elementor-widget-container\">\n\t\t\t        <div class=\"jws-menu-list \">\r\n                            <h3>Sunati-ne:<\/h3>\r\n                \t\t<ul class=\"elementor-icon-list-items  line_sm\">\r\n    \t\t\t    \t\t\t\t<li class=\"elementor-icon-list-item\">\r\n    \t\t\t\t\t<a href=\"tel:+37368877177\">                             \t\t\t\t\t\t\r\n    \t\t\t\t\t<span class=\"elementor-icon-list-text\">\r\n                        0 688 77 177                        <\/span>\r\n    \t\t\t\t\t    \t\t\t\t\t\t<\/a>\r\n    \t\t\t\t\t    \t\t\t\t<\/li>\r\n    \t\t\t\t    \t\t<\/ul>\r\n        <\/div>\r\n\t\t\t\t<\/div>\n\t\t\t\t<\/div>\n\t\t\t\t<div class=\"elementor-element elementor-element-147f6e7 elementor-icon-list--layout-traditional elementor-widget elementor-widget-menu_list\" data-id=\"147f6e7\" data-element_type=\"widget\" data-widget_type=\"menu_list.default\">\n\t\t\t\t<div class=\"elementor-widget-container\">\n\t\t\t        <div class=\"jws-menu-list \">\r\n                            <h3>Scrie-ne<\/h3>\r\n                \t\t<ul class=\"elementor-icon-list-items  line_sm\">\r\n    \t\t\t    \t\t\t\t<li class=\"elementor-icon-list-item\">\r\n    \t\t\t\t\t<a href=\"mailto:doctorfarm.md@gmail.com\">                             \t\t\t\t\t\t\r\n    \t\t\t\t\t<span class=\"elementor-icon-list-text\">\r\n                        doctorfarm.md@gmail.com                        <\/span>\r\n    \t\t\t\t\t    \t\t\t\t\t\t<\/a>\r\n    \t\t\t\t\t    \t\t\t\t<\/li>\r\n    \t\t\t\t    \t\t<\/ul>\r\n        <\/div>\r\n\t\t\t\t<\/div>\n\t\t\t\t<\/div>\n\t\t\t\t\t<\/div>\n\t\t<\/div>\n\t\t\t\t<div class=\"elementor-column elementor-col-50 elementor-inner-column elementor-element elementor-element-b531f26\" data-id=\"b531f26\" data-element_type=\"column\">\n\t\t\t<div class=\"elementor-widget-wrap elementor-element-populated\">\n\t\t\t\t\t\t<div class=\"elementor-element elementor-element-87113bc jws-cf7-input-size-md jws-cf7-style-box jws-cf7-button-left jws-cf7-btn-size-sm jws-cf7-highlight-style-default elementor-widget elementor-widget-jws_cf7\" data-id=\"87113bc\" data-element_type=\"widget\" data-widget_type=\"jws_cf7.default\">\n\t\t\t\t<div class=\"elementor-widget-container\">\n\t\t\t\t\t\t\t<div class = \"jws-cf7-container\">\r\n\t\t\t\t\t\t<div class = \"jws-cf7 jws-cf7-style elementor-clickable\">\r\n\t\t\t\t\t\t\n<div class=\"wpcf7 no-js\" id=\"wpcf7-f3953-o1\" lang=\"en-US\" dir=\"ltr\">\n<div class=\"screen-reader-response\"><p role=\"status\" aria-live=\"polite\" aria-atomic=\"true\"><\/p> <ul><\/ul><\/div>\n<form action=\"\/en\/wp-json\/wp\/v2\/pages\/3899#wpcf7-f3953-o1\" method=\"post\" class=\"wpcf7-form init\" aria-label=\"Contact form\" novalidate=\"novalidate\" data-status=\"init\">\n<div style=\"display: none;\">\n<input type=\"hidden\" name=\"_wpcf7\" value=\"3953\" \/>\n<input type=\"hidden\" name=\"_wpcf7_version\" value=\"5.9.4\" \/>\n<input type=\"hidden\" name=\"_wpcf7_locale\" value=\"en_US\" \/>\n<input type=\"hidden\" name=\"_wpcf7_unit_tag\" value=\"wpcf7-f3953-o1\" \/>\n<input type=\"hidden\" name=\"_wpcf7_container_post\" value=\"0\" \/>\n<input type=\"hidden\" name=\"_wpcf7_posted_data_hash\" value=\"\" \/>\n<\/div>\n<div class=\"elementor-form-fields-wrapper\">\n\t<div class=\"elementor-column elementor-col-100 elementor-mark-required\">\n\t\t<p><label class=\"elementor-field-label\"> Introdu numele tau <\/label>\n\t\t<\/p>\n\t<\/div>\n\t<div class=\"elementor-field-type-text elementor-field-group elementor-column elementor-field-group-name elementor-col-50 elementor-field-required \">\n\t\t<p><span class=\"wpcf7-form-control-wrap\" data-name=\"your-name\"><input size=\"40\" class=\"wpcf7-form-control wpcf7-text wpcf7-validates-as-required field_no_icon\" aria-required=\"true\" aria-invalid=\"false\" placeholder=\"Nume\" value=\"\" type=\"text\" name=\"your-name\" \/><\/span>\n\t\t<\/p>\n\t<\/div>\n\t<div class=\"elementor-field-type-text elementor-field-group elementor-column elementor-field-group-name elementor-col-50 elementor-field-required elementor-mark-required\">\n\t\t<p><span class=\"wpcf7-form-control-wrap\" data-name=\"last-name\"><input size=\"40\" class=\"wpcf7-form-control wpcf7-text wpcf7-validates-as-required field_no_icon\" aria-required=\"true\" aria-invalid=\"false\" placeholder=\"Prenume\" value=\"\" type=\"text\" name=\"last-name\" \/><\/span>\n\t\t<\/p>\n\t<\/div>\n\t<div class=\"elementor-column elementor-col-100 elementor-mark-required\">\n\t\t<p><label class=\"elementor-field-label\"> Informatie personala<\/label>\n\t\t<\/p>\n\t<\/div>\n\t<div class=\"elementor-field-type-text elementor-field-group elementor-column elementor-field-group-name elementor-col-50 elementor-field-required elementor-mark-required\">\n\t\t<p><i class=\"jws-icon-phone_light\"><\/i><span class=\"wpcf7-form-control-wrap\" data-name=\"phone-number\"><input size=\"40\" class=\"wpcf7-form-control wpcf7-text wpcf7-validates-as-required\" aria-required=\"true\" aria-invalid=\"false\" placeholder=\"Num\u0103r de telefon\" value=\"\" type=\"text\" name=\"phone-number\" \/><\/span>\n\t\t<\/p>\n\t<\/div>\n\t<div class=\"elementor-field-type-text elementor-field-group elementor-column elementor-field-group-name elementor-col-50 elementor-field-required elementor-mark-required\">\n\t\t<p><i class=\"jws-icon-message_light\"><\/i><span class=\"wpcf7-form-control-wrap\" data-name=\"email\"><input size=\"40\" class=\"wpcf7-form-control wpcf7-email wpcf7-validates-as-required wpcf7-text wpcf7-validates-as-email\" aria-required=\"true\" aria-invalid=\"false\" placeholder=\"Email\" value=\"\" type=\"email\" name=\"email\" \/><\/span>\n\t\t<\/p>\n\t<\/div>\n\t<div class=\"elementor-column elementor-col-100\">\n\t\t<p><label class=\"elementor-field-label\"> Mesaj<\/label>\n\t\t<\/p>\n\t<\/div>\n\t<div class=\"elementor-field-type-textarea elementor-field-group elementor-column elementor-field-group-message elementor-col-100\">\n\t\t<p><i class=\"jws-icon-edit_light\"><\/i><span class=\"wpcf7-form-control-wrap\" data-name=\"your-message\"><textarea cols=\"100\" rows=\"10\" class=\"wpcf7-form-control wpcf7-textarea\" aria-invalid=\"false\" placeholder=\"Scrie mesajul t\u0103u aici...\" name=\"your-message\"><\/textarea><\/span>\n\t\t<\/p>\n\t<\/div>\n\t<p><input class=\"wpcf7-form-control wpcf7-submit has-spinner\" type=\"submit\" value=\"Trimite mesaj\" \/>\n\t<\/p>\n<\/div><p style=\"display: none !important;\" class=\"akismet-fields-container\" data-prefix=\"_wpcf7_ak_\"><label>&#916;<textarea name=\"_wpcf7_ak_hp_textarea\" cols=\"45\" rows=\"8\" maxlength=\"100\"><\/textarea><\/label><input type=\"hidden\" id=\"ak_js_1\" name=\"_wpcf7_ak_js\" value=\"109\"\/><script>document.getElementById( \"ak_js_1\" ).setAttribute( \"value\", ( new Date() ).getTime() );<\/script><\/p><div class=\"wpcf7-response-output\" aria-hidden=\"true\"><\/div>\n<\/form>\n<\/div>\n\t\t\t\t\t<\/div>\r\n\t\t\t\t<\/div>\r\n\t\t\t\t\t\t<\/div>\n\t\t\t\t<\/div>\n\t\t\t\t\t<\/div>\n\t\t<\/div>\n\t\t\t\t      \r\n            \r\n              \r\n            \r\n            \t\r\n\t\t\t<\/div>\r\n\t\t<\/section>\r\n\t\t\t\t\t<\/div>\n\t\t<\/div>\n\t\t\t\t      \r\n            \r\n              \r\n            \r\n            \t\r\n\t\t\t<\/div>\r\n\t\t<\/section>\r\n\t\t\t\t<section class=\"elementor-section elementor-top-section elementor-element elementor-element-b85930a elementor-section-full_width elementor-section-height-default elementor-section-height-default\" data-id=\"b85930a\" data-element_type=\"section\">\r\n\t\t\t\t\t\t<div class=\"elementor-container elementor-column-gap-no jws_section_\" >\r\n\t\t\t\t<div class=\"elementor-column elementor-col-100 elementor-top-column elementor-element elementor-element-0876b7a\" data-id=\"0876b7a\" data-element_type=\"column\">\n\t\t\t<div class=\"elementor-widget-wrap elementor-element-populated\">\n\t\t\t\t\t\t<div class=\"elementor-element elementor-element-01d50b9 elementor-widget elementor-widget-jws_map\" data-id=\"01d50b9\" data-element_type=\"widget\" data-widget_type=\"jws_map.default\">\n\t\t\t\t<div class=\"elementor-widget-container\">\n\t\t\t\t\t<div class=\"jws-google-map-wrap\">\r\n\t\t\t<div id=\"jws-google-map-01d50b9\" class=\"jws-google-map\" data-map_options=\"{&quot;zoom&quot;:12,&quot;mapTypeId&quot;:&quot;roadmap&quot;,&quot;mapTypeControl&quot;:true,&quot;streetViewControl&quot;:true,&quot;zoomControl&quot;:true,&quot;fullscreenControl&quot;:true,&quot;gestureHandling&quot;:true}\" data-cluster=\"\" data-max-width=\"250\" data-locations=\"[[&quot;33.774800&quot;,&quot;-117.940650&quot;,true,&quot;Ocha House Shop&quot;,&quot;12936 Main St, US&quot;,&quot;https:\\\/\\\/doctor-farm.md\\\/wp-content\\\/uploads\\\/2022\\\/06\\\/Rectangle-4606.png&quot;,&quot;custom&quot;,&quot;https:\\\/\\\/doctor-farm.md\\\/wp-content\\\/uploads\\\/2022\\\/05\\\/marker.png&quot;,&quot;&quot;,&quot;iw_open&quot;]]\" data-animate=\"\" data-auto-center=\"center\" data-offset=\"\" data-custom-style=\"[\n    {\n        &quot;featureType&quot;: &quot;all&quot;,\n        &quot;elementType&quot;: &quot;geometry.fill&quot;,\n        &quot;stylers&quot;: [\n            {\n                &quot;weight&quot;: &quot;2.00&quot;\n            }\n        ]\n    },\n    {\n        &quot;featureType&quot;: &quot;all&quot;,\n        &quot;elementType&quot;: &quot;geometry.stroke&quot;,\n        &quot;stylers&quot;: [\n            {\n                &quot;color&quot;: &quot;#9c9c9c&quot;\n            }\n        ]\n    },\n    {\n        &quot;featureType&quot;: &quot;all&quot;,\n        &quot;elementType&quot;: &quot;labels.text&quot;,\n        &quot;stylers&quot;: [\n            {\n                &quot;visibility&quot;: &quot;on&quot;\n            }\n        ]\n    },\n    {\n        &quot;featureType&quot;: &quot;landscape&quot;,\n        &quot;elementType&quot;: &quot;all&quot;,\n        &quot;stylers&quot;: [\n            {\n                &quot;color&quot;: &quot;#f2f2f2&quot;\n            }\n        ]\n    },\n    {\n        &quot;featureType&quot;: &quot;landscape&quot;,\n        &quot;elementType&quot;: &quot;geometry.fill&quot;,\n        &quot;stylers&quot;: [\n            {\n                &quot;color&quot;: &quot;#ffffff&quot;\n            }\n        ]\n    },\n    {\n        &quot;featureType&quot;: &quot;landscape.man_made&quot;,\n        &quot;elementType&quot;: &quot;geometry.fill&quot;,\n        &quot;stylers&quot;: [\n            {\n                &quot;color&quot;: &quot;#ffffff&quot;\n            }\n        ]\n    },\n    {\n        &quot;featureType&quot;: &quot;poi&quot;,\n        &quot;elementType&quot;: &quot;all&quot;,\n        &quot;stylers&quot;: [\n            {\n                &quot;visibility&quot;: &quot;off&quot;\n            }\n        ]\n    },\n    {\n        &quot;featureType&quot;: &quot;poi.business&quot;,\n        &quot;elementType&quot;: &quot;geometry&quot;,\n        &quot;stylers&quot;: [\n            {\n                &quot;visibility&quot;: &quot;on&quot;\n            }\n        ]\n    },\n    {\n        &quot;featureType&quot;: &quot;poi.business&quot;,\n        &quot;elementType&quot;: &quot;geometry.fill&quot;,\n        &quot;stylers&quot;: [\n            {\n                &quot;visibility&quot;: &quot;on&quot;\n            }\n        ]\n    },\n    {\n        &quot;featureType&quot;: &quot;poi.business&quot;,\n        &quot;elementType&quot;: &quot;labels.text&quot;,\n        &quot;stylers&quot;: [\n            {\n                &quot;visibility&quot;: &quot;on&quot;\n            }\n        ]\n    },\n    {\n        &quot;featureType&quot;: &quot;poi.business&quot;,\n        &quot;elementType&quot;: &quot;labels.icon&quot;,\n        &quot;stylers&quot;: [\n            {\n                &quot;visibility&quot;: &quot;on&quot;\n            },\n            {\n                &quot;hue&quot;: &quot;#ff0000&quot;\n            }\n        ]\n    },\n    {\n        &quot;featureType&quot;: &quot;road&quot;,\n        &quot;elementType&quot;: &quot;all&quot;,\n        &quot;stylers&quot;: [\n            {\n                &quot;saturation&quot;: -100\n            },\n            {\n                &quot;lightness&quot;: 45\n            }\n        ]\n    },\n    {\n        &quot;featureType&quot;: &quot;road&quot;,\n        &quot;elementType&quot;: &quot;geometry.fill&quot;,\n        &quot;stylers&quot;: [\n            {\n                &quot;color&quot;: &quot;#eeeeee&quot;\n            }\n        ]\n    },\n    {\n        &quot;featureType&quot;: &quot;road&quot;,\n        &quot;elementType&quot;: &quot;labels.text.fill&quot;,\n        &quot;stylers&quot;: [\n            {\n                &quot;color&quot;: &quot;#7b7b7b&quot;\n            }\n        ]\n    },\n    {\n        &quot;featureType&quot;: &quot;road&quot;,\n        &quot;elementType&quot;: &quot;labels.text.stroke&quot;,\n        &quot;stylers&quot;: [\n            {\n                &quot;color&quot;: &quot;#ffffff&quot;\n            }\n        ]\n    },\n    {\n        &quot;featureType&quot;: &quot;road.highway&quot;,\n        &quot;elementType&quot;: &quot;all&quot;,\n        &quot;stylers&quot;: [\n            {\n                &quot;visibility&quot;: &quot;simplified&quot;\n            }\n        ]\n    },\n    {\n        &quot;featureType&quot;: &quot;road.arterial&quot;,\n        &quot;elementType&quot;: &quot;labels.icon&quot;,\n        &quot;stylers&quot;: [\n            {\n                &quot;visibility&quot;: &quot;off&quot;\n            }\n        ]\n    },\n    {\n        &quot;featureType&quot;: &quot;transit&quot;,\n        &quot;elementType&quot;: &quot;all&quot;,\n        &quot;stylers&quot;: [\n            {\n                &quot;visibility&quot;: &quot;off&quot;\n            }\n        ]\n    },\n    {\n        &quot;featureType&quot;: &quot;water&quot;,\n        &quot;elementType&quot;: &quot;all&quot;,\n        &quot;stylers&quot;: [\n            {\n                &quot;color&quot;: &quot;#46bcec&quot;\n            },\n            {\n                &quot;visibility&quot;: &quot;on&quot;\n            }\n        ]\n    },\n    {\n        &quot;featureType&quot;: &quot;water&quot;,\n        &quot;elementType&quot;: &quot;geometry.fill&quot;,\n        &quot;stylers&quot;: [\n            {\n                &quot;color&quot;: &quot;#c8d7d4&quot;\n            }\n        ]\n    },\n    {\n        &quot;featureType&quot;: &quot;water&quot;,\n        &quot;elementType&quot;: &quot;labels.text.fill&quot;,\n        &quot;stylers&quot;: [\n            {\n                &quot;color&quot;: &quot;#070707&quot;\n            }\n        ]\n    },\n    {\n        &quot;featureType&quot;: &quot;water&quot;,\n        &quot;elementType&quot;: &quot;labels.text.stroke&quot;,\n        &quot;stylers&quot;: [\n            {\n                &quot;color&quot;: &quot;#ffffff&quot;\n            }\n        ]\n    }\n]\"><\/div>\r\n\t\t<\/div>\r\n\t\t\t\t<\/div>\n\t\t\t\t<\/div>\n\t\t\t\t\t<\/div>\n\t\t<\/div>\n\t\t\t\t      \r\n            \r\n              \r\n            \r\n            \t\r\n\t\t\t<\/div>\r\n\t\t<\/section>\r\n\t\t\t\t<\/div>\n\t\t","protected":false},"excerpt":{"rendered":"<p>* Scrie-ne * Conecteaza-te cu noi. Putem fi contacta\u021bi prin e-mail la doctorfarm.md@gmail.com sau nu ezita\u021bi s\u0103 completa\u021bi pur \u0219i simplu formularul de mai jos. Facem tot posibilul s\u0103 r\u0103spundem \u00een 24 de ore lucr\u0103toare. Contacteaza-ne Ne gasiti pe: Nicolae Testemi\u021banu 21\/3, Chi\u015fin\u0103u 2025 Sunati-ne: 0 688 77 177 Scrie-ne doctorfarm.md@gmail.com Introdu numele tau Informatie [&hellip;]<\/p>\n","protected":false},"author":1,"featured_media":0,"parent":0,"menu_order":0,"comment_status":"closed","ping_status":"closed","template":"","meta":{"footnotes":""},"_links":{"self":[{"href":"https:\/\/doctor-farm.md\/en\/wp-json\/wp\/v2\/pages\/3899"}],"collection":[{"href":"https:\/\/doctor-farm.md\/en\/wp-json\/wp\/v2\/pages"}],"about":[{"href":"https:\/\/doctor-farm.md\/en\/wp-json\/wp\/v2\/types\/page"}],"author":[{"embeddable":true,"href":"https:\/\/doctor-farm.md\/en\/wp-json\/wp\/v2\/users\/1"}],"replies":[{"embeddable":true,"href":"https:\/\/doctor-farm.md\/en\/wp-json\/wp\/v2\/comments?post=3899"}],"version-history":[{"count":0,"href":"https:\/\/doctor-farm.md\/en\/wp-json\/wp\/v2\/pages\/3899\/revisions"}],"wp:attachment":[{"href":"https:\/\/doctor-farm.md\/en\/wp-json\/wp\/v2\/media?parent=3899"}],"curies":[{"name":"wp","href":"https:\/\/api.w.org\/{rel}","templated":true}]}}